{"id":801969,"date":"2026-04-21T03:00:35","date_gmt":"2026-04-21T03:00:35","guid":{"rendered":""},"modified":"2026-04-21T03:00:35","modified_gmt":"2026-04-21T03:00:35","slug":"korgendatud-aarega-jalamatt-44-55cm","status":"publish","type":"product","link":"https:\/\/tparts.ee\/ru\/p\/korgendatud-aarega-jalamatt-44-55cm\/","title":{"rendered":"K\u00f5rgendatud \u00e4\u00e4rega jalamatt 44*55cm"},"content":{"rendered":"","protected":false},"excerpt":{"rendered":"<p>S103-2618.5<\/p>\n","protected":false},"featured_media":801970,"template":"","meta":[],"product_cat":[55632,55787,55633],"product_tag":[],"_links":{"self":[{"href":"https:\/\/tparts.ee\/ru\/wp-json\/wp\/v2\/product\/801969"}],"collection":[{"href":"https:\/\/tparts.ee\/ru\/wp-json\/wp\/v2\/product"}],"about":[{"href":"https:\/\/tparts.ee\/ru\/wp-json\/wp\/v2\/types\/product"}],"wp:featuredmedia":[{"embeddable":true,"href":"https:\/\/tparts.ee\/ru\/wp-json\/wp\/v2\/media\/801970"}],"wp:attachment":[{"href":"https:\/\/tparts.ee\/ru\/wp-json\/wp\/v2\/media?parent=801969"}],"wp:term":[{"taxonomy":"product_cat","embeddable":true,"href":"https:\/\/tparts.ee\/ru\/wp-json\/wp\/v2\/product_cat?post=801969"},{"taxonomy":"product_tag","embeddable":true,"href":"https:\/\/tparts.ee\/ru\/wp-json\/wp\/v2\/product_tag?post=801969"}],"curies":[{"name":"wp","href":"https:\/\/api.w.org\/{rel}","templated":true}]}}