{"id":772420,"date":"2026-04-17T03:00:10","date_gmt":"2026-04-17T03:00:10","guid":{"rendered":""},"modified":"2026-04-17T03:00:10","modified_gmt":"2026-04-17T03:00:10","slug":"ohuvarskendi-michelin-ratas-48gr-sugav-m","status":"publish","type":"product","link":"https:\/\/tparts.ee\/ru\/p\/24721839\/","title":{"rendered":"\u00d5huv\u00e4rskendi Michelin ratas 48gr s\u00fcgav m"},"content":{"rendered":"<p><\/p>\n<p>\u041a\u043e\u043d\u0442\u0440\u043e\u043b\u044c \u0438\u043d\u0442\u0435\u043d\u0441\u0438\u0432\u043d\u043e\u0441\u0442\u0438 \u0437\u0430\u043f\u0430\u0445\u0430. \u0418\u0434\u0435\u0430\u043b\u044c\u043d\u043e \u043f\u043e\u0434\u0445\u043e\u0434\u0438\u0442 \u0434\u043b\u044f \u0438\u0441\u043f\u043e\u043b\u044c\u0437\u043e\u0432\u0430\u043d\u0438\u044f \u0432 \u0434\u043e\u043c\u0435<\/p>","protected":false},"excerpt":{"rendered":"<p>S131-W31357<\/p>\n","protected":false},"featured_media":772421,"template":"","meta":[],"product_cat":[55654,55632,55633],"product_tag":[],"_links":{"self":[{"href":"https:\/\/tparts.ee\/ru\/wp-json\/wp\/v2\/product\/772420"}],"collection":[{"href":"https:\/\/tparts.ee\/ru\/wp-json\/wp\/v2\/product"}],"about":[{"href":"https:\/\/tparts.ee\/ru\/wp-json\/wp\/v2\/types\/product"}],"wp:featuredmedia":[{"embeddable":true,"href":"https:\/\/tparts.ee\/ru\/wp-json\/wp\/v2\/media\/772421"}],"wp:attachment":[{"href":"https:\/\/tparts.ee\/ru\/wp-json\/wp\/v2\/media?parent=772420"}],"wp:term":[{"taxonomy":"product_cat","embeddable":true,"href":"https:\/\/tparts.ee\/ru\/wp-json\/wp\/v2\/product_cat?post=772420"},{"taxonomy":"product_tag","embeddable":true,"href":"https:\/\/tparts.ee\/ru\/wp-json\/wp\/v2\/product_tag?post=772420"}],"curies":[{"name":"wp","href":"https:\/\/api.w.org\/{rel}","templated":true}]}}