{"id":767732,"date":"2026-04-17T03:00:09","date_gmt":"2026-04-17T03:00:09","guid":{"rendered":""},"modified":"2026-04-17T03:00:09","modified_gmt":"2026-04-17T03:00:09","slug":"veniv-koormanoor-amblik-8-haru","status":"publish","type":"product","link":"https:\/\/tparts.ee\/ru\/p\/veniv-koormanoor-amblik-8-haru\/","title":{"rendered":"Veniv koorman\u00f6\u00f6r \u00c4mblik 8 haru"},"content":{"rendered":"<p>elastne<\/p>","protected":false},"excerpt":{"rendered":"<p>S103-6030.9<\/p>\n","protected":false},"featured_media":767733,"template":"","meta":[],"product_cat":[55632,55887,55880,55683],"product_tag":[],"_links":{"self":[{"href":"https:\/\/tparts.ee\/ru\/wp-json\/wp\/v2\/product\/767732"}],"collection":[{"href":"https:\/\/tparts.ee\/ru\/wp-json\/wp\/v2\/product"}],"about":[{"href":"https:\/\/tparts.ee\/ru\/wp-json\/wp\/v2\/types\/product"}],"wp:featuredmedia":[{"embeddable":true,"href":"https:\/\/tparts.ee\/ru\/wp-json\/wp\/v2\/media\/767733"}],"wp:attachment":[{"href":"https:\/\/tparts.ee\/ru\/wp-json\/wp\/v2\/media?parent=767732"}],"wp:term":[{"taxonomy":"product_cat","embeddable":true,"href":"https:\/\/tparts.ee\/ru\/wp-json\/wp\/v2\/product_cat?post=767732"},{"taxonomy":"product_tag","embeddable":true,"href":"https:\/\/tparts.ee\/ru\/wp-json\/wp\/v2\/product_tag?post=767732"}],"curies":[{"name":"wp","href":"https:\/\/api.w.org\/{rel}","templated":true}]}}