{"id":765728,"date":"2026-01-10T03:00:18","date_gmt":"2026-01-10T03:00:18","guid":{"rendered":""},"modified":"2026-01-10T03:00:18","modified_gmt":"2026-01-10T03:00:18","slug":"klaasitostuki-tuubel","status":"publish","type":"product","link":"https:\/\/tparts.ee\/ru\/p\/72338489\/","title":{"rendered":"Klaasit\u00f5stuki t\u00fc\u00fcbel"},"content":{"rendered":"<p><\/p>\n<p>&nbsp;<\/p>\n<p><p>Audi<\/p>\n<p>Skoda<\/p>\n<p>Volkswagen<\/p>\n<\/p>\n<p><\/p>","protected":false},"excerpt":{"rendered":"<p>S300-502<\/p>\n","protected":false},"featured_media":765729,"template":"","meta":[],"product_cat":[55632,56583,55643],"product_tag":[],"_links":{"self":[{"href":"https:\/\/tparts.ee\/ru\/wp-json\/wp\/v2\/product\/765728"}],"collection":[{"href":"https:\/\/tparts.ee\/ru\/wp-json\/wp\/v2\/product"}],"about":[{"href":"https:\/\/tparts.ee\/ru\/wp-json\/wp\/v2\/types\/product"}],"wp:featuredmedia":[{"embeddable":true,"href":"https:\/\/tparts.ee\/ru\/wp-json\/wp\/v2\/media\/765729"}],"wp:attachment":[{"href":"https:\/\/tparts.ee\/ru\/wp-json\/wp\/v2\/media?parent=765728"}],"wp:term":[{"taxonomy":"product_cat","embeddable":true,"href":"https:\/\/tparts.ee\/ru\/wp-json\/wp\/v2\/product_cat?post=765728"},{"taxonomy":"product_tag","embeddable":true,"href":"https:\/\/tparts.ee\/ru\/wp-json\/wp\/v2\/product_tag?post=765728"}],"curies":[{"name":"wp","href":"https:\/\/api.w.org\/{rel}","templated":true}]}}