{"id":765374,"date":"2026-01-10T03:00:17","date_gmt":"2026-01-10T03:00:17","guid":{"rendered":""},"modified":"2026-01-10T03:00:17","modified_gmt":"2026-01-10T03:00:17","slug":"psg-eelsuutekuunla-padrun-12mm","status":"publish","type":"product","link":"https:\/\/tparts.ee\/ru\/p\/psg-eelsuutekuunla-padrun-12mm\/","title":{"rendered":"PSG eels\u00fc\u00fctek\u00fc\u00fcnla padrun 12mm"},"content":{"rendered":"<p class=\"qtranxs-available-languages-message qtranxs-available-languages-message-ru\">\u0418\u0437\u0432\u0438\u043d\u0438\u0442\u0435, \u044d\u0442\u043e\u0442 \u0442\u0435\u043a\u0441\u0442 \u0434\u043e\u0441\u0442\u0443\u043f\u0435\u043d \u0442\u043e\u043b\u044c\u043a\u043e \u043d\u0430 \u201c<a href=\"https:\/\/tparts.ee\/et\/wp-json\/wp\/v2\/product\/765374\" class=\"qtranxs-available-language-link qtranxs-available-language-link-et\" title=\"Eesti\">\u044d\u0441\u0442\u043e\u043d\u0441\u043a\u0438\u0439<\/a>\u201d.<\/p>","protected":false},"excerpt":{"rendered":"<p>S183-7391<\/p>\n","protected":false},"featured_media":765375,"template":"","meta":[],"product_cat":[55667,55700,55622],"product_tag":[],"_links":{"self":[{"href":"https:\/\/tparts.ee\/ru\/wp-json\/wp\/v2\/product\/765374"}],"collection":[{"href":"https:\/\/tparts.ee\/ru\/wp-json\/wp\/v2\/product"}],"about":[{"href":"https:\/\/tparts.ee\/ru\/wp-json\/wp\/v2\/types\/product"}],"wp:featuredmedia":[{"embeddable":true,"href":"https:\/\/tparts.ee\/ru\/wp-json\/wp\/v2\/media\/765375"}],"wp:attachment":[{"href":"https:\/\/tparts.ee\/ru\/wp-json\/wp\/v2\/media?parent=765374"}],"wp:term":[{"taxonomy":"product_cat","embeddable":true,"href":"https:\/\/tparts.ee\/ru\/wp-json\/wp\/v2\/product_cat?post=765374"},{"taxonomy":"product_tag","embeddable":true,"href":"https:\/\/tparts.ee\/ru\/wp-json\/wp\/v2\/product_tag?post=765374"}],"curies":[{"name":"wp","href":"https:\/\/api.w.org\/{rel}","templated":true}]}}