{"id":4725,"date":"2017-12-22T21:19:36","date_gmt":"2017-12-22T21:19:36","guid":{"rendered":"https:\/\/tparts.ee\/ru\/?page_id=4725"},"modified":"2019-01-08T11:09:53","modified_gmt":"2019-01-08T11:09:53","slug":"russkij-dostavka-i-vozvrat","status":"publish","type":"page","link":"https:\/\/tparts.ee\/ru\/tarnetingimused\/","title":{"rendered":"Tarnetingimused"},"content":{"rendered":"<p><strong>K\u00f5ik hinnad on eurodes (EUR) ja sisaldavad KM 20%<\/strong><\/p>\n<p>Toodete valimine<\/p>\n<p>Tooteid on v\u00f5imalik leida ja lisada ostukorvi kasutades nii katalooge kui ka men\u00fc\u00fcd.<br \/>\nKui Te ei ole kindel leitud toote sobivuses, p\u00f6\u00f6rduge kindlasti meie klienditeenindaja poole.<br \/>\nKui Teile vajalikku toodet ei ole laos, siis palun saatke toote juurest infop\u00e4ring.<br \/>\nTellimuse t\u00e4itmise t\u00e4htaeg on \u00fcldjuhul tellimuse esitamisele 1-2 t\u00f6\u00f6p\u00e4eva, millele lisandub transpordiks kuluv aeg. Transpordiks kulub Eesti piires \u00fcldjuhul 1 t\u00f6\u00f6p\u00e4ev<br \/>\nKui olete valinud makseviisiks &#171;arvega&#187; , st \u00fclekande teel, siis enne kogu arve summa laekumist kaupa ei v\u00e4ljastata.<br \/>\nTellimus loetakse t\u00e4idetuks, kui tellitud tooted on j\u00f5udnud kliendi poolt m\u00e4\u00e4ratud sihtkohta.<\/p>\n<p><strong>Transpordi tingimused<\/strong><\/p>\n<p>Teil on v\u00f5imalus valida kauba k\u00e4ttesaamise kohtadeks \u00fcks TEHO Partners O\u00dc kauplustest v\u00f5i toimetus Teie poolt m\u00e4\u00e4ratud aadressile.<br \/>\nTeil on v\u00f5imalus m\u00e4\u00e4rata sihtkohaks ka kolmanda isiku aadress.<br \/>\nTEHO Partners O\u00dc ei vastuta kliendi poolt esitatud andmete \u00f5igsuse eest.<br \/>\nEnne kauba vastuv\u00f5tmist soovitame Teil toote pakendid \u00fcle vaadata ja v\u00e4liste vigastuste olemasolu korral kaupa mitte vastu v\u00f5tta.<br \/>\nTellides kauba Omniva pakiautomaati saavad saadetise suurimad m\u00f5\u00f5dud olla 41x38x64 cm.<\/p>\n<p><strong>Hinnad<br \/>\n<\/strong><br \/>\nHinnad kehtivad vaid e-poest tellides. Hinnad f\u00fc\u00fcsilistes kauplustes v\u00f5ivad erineda e-poe hindadest.<\/p>\n<p><strong>Maksetingimused<\/strong><\/p>\n<p>Tellimuste eest on v\u00f5imalik tasuda tellitud kauba k\u00e4ttesaamisel TEHO Partners O\u00dc kaupluses v\u00f5i panga\u00fclekandega tellimuse esitamisel.<br \/>\nK\u00f5igis TEHO Partners O\u00dc kauplustes on v\u00f5imalus tasuda nii pangakaardiga kui ka sularahas.<br \/>\nKaup valjastatakse alles p\u00e4rast kogu tellimuse summa tasumist.<br \/>\nKaupa, mille eest on tasumata, hoitakse TEHO Partners O\u00dc kauplustes kuni 14 p\u00e4eva.<\/p>\n<p><strong>Toodete tagastamine<br \/>\n<\/strong><br \/>\nMittesobivate toodete maksumusest tagastatakse 100% tingimusel.<br \/>\nToode tagastaakse 14 p\u00e4eva jooksul p\u00e4rast kauba k\u00e4tte saamist<br \/>\nTagastatava toote pakend on terve ja puhas (peab olema s\u00e4ilinud toote kaubanduslik v\u00e4limus).<br \/>\nTagastatav toode on komplektne, terve, puhas, kasutamata<br \/>\nToode on TEHO Partners O\u00dc laoprogrammi toode. Toodete tagastamisel, mis tellitakse Teie jaoks teistest ladudest, saame tagastada 70% toote maksumusest.<br \/>\nTagasimaksmisele kuulub ainult kauba maksumus, transpordi eest tasutud kulusid ei h\u00fcvitata. Juhul kui kauba transport kliendini toimus TEHO Partners O\u00dc kulul, siis toote tagastamise korral arvestatakse h\u00fcvitamisel toote maksumusest maha transpordikulu.<br \/>\nToote tagastamine toimub kliendi kulul. Tagastamisel peab olema t\u00e4idetud tootega kaasas olev tagastusleht, millel on \u00e4ra m\u00e4rgitud toote artikli number, nimetus, kogus, ostuarve number ja kuup\u00e4ev, kliendi nimi, komtaktandmed ja pangakonto number.<\/p>\n<p><strong>Toote tagastamise v\u00f5imalused:<\/strong><\/p>\n<p>toode tuuakse l\u00e4himasse TEHO Partners O\u00dc kauplusesse<br \/>\ntoode saadetakse aadressile Tallinn, T\u00f6\u00f6stuse 47A, TEHO Partners O\u00dc<br \/>\nKasutades kullerteenust tuleb toode transpordikindlalt pakendada. Toote pakendile ei tohi kirjutada, kleepida teipi v\u00f5i etikette. Rikutud pakendiga tooteid tagasi ei v\u00f5eta. Raha kantakse kliendi arvelduskontole hiljemalt 14 t\u00f6\u00f6p\u00e4eva jooksul p\u00e4rast tagastatud toodete k\u00e4tte saamist.<\/p>\n<p><strong>Garantiilise toote h\u00fcvitamine<\/strong><\/p>\n<p>Garantii katab toote materjali ja valmistusvead. Garantii alla ei kuulu ekspluatatsiooni k\u00e4igus toodete normaalne kulumine (n\u00e4iteks piduriklotside kulumine).<br \/>\nGarantiilise toote puhul kohustub TEHO Partners O\u00dc toote remontima v\u00f5i asendama samav\u00e4\u00e4rse tootega juhul materjali v\u00f5i valmistusvead on p\u00f5hjustanud toote kasutusk\u00f5lbmatuks muutumise. Kui toodet ei ole v\u00f5imalik remontida v\u00f5i asendada, siis h\u00fcvitatakse 100% toote maksumus koos esmase transpordimaksumusega.<\/p>\n<p>TEHO Partners O\u00dc ei kohustu h\u00fcvitama garantii ajal riknenud toodete vahetusega kaasnevaid kulusid ega toote garantiisse toimetamise kulusid.<\/p>\n<p><strong>Pretentsioonide esitamise aeg toodetele on 24 kuud:<\/strong><\/p>\n<p>Varuosadele, millele on auto valmistaja poolt ette n\u00e4htud kindel vahetusv\u00e4lp l\u00fcheneb garantii vastavalt auto valmistaja poolt m\u00e4\u00e4ratud tingimustele.<\/p>\n<p><strong>Garantii alla ei kuulu varuosad, mille vigastused on p\u00f5hjustatud:<\/strong><\/p>\n<p>normaalsest kulumisest;<br \/>\npuudulikust hooldamisest;<br \/>\neba\u00f5igest paigaldusest;<br \/>\neba\u00f5igest ekspluatatsioonist<br \/>\nmuudest v\u00e4listeguritest (avarii, l\u00f6\u00f6kaugud jms)<br \/>\nV\u00f5istlusautodel kasutamisest<br \/>\nGarantiilise varuosa tagastamisel tuleb esitada ka varuosa paigaldanud t\u00f6\u00f6koja arve koopia.<\/p>\n<p><strong>Garantiiaeg algab arve v\u00e4ljastamise kuup\u00e4evast<\/strong><\/p>\n<p>Toote remontimine v\u00f5i \u00fcmbervahetamine garantiiaja jooksul ei pikenda esialgset garantiiaega.<br \/>\nGarantiikorras \u00fcmbervahetamisele ei kuulu tooted, mis on demonteeritud. Samuti tooted, mida on p\u00fc\u00fctud ise remontida.<\/p>\n<p><strong>Garantiiekspertiis teostatakse TEHO Partners O\u00dc kulul.<br \/>\n<\/strong><br \/>\nKui klient vaidlustab TEHO Partners O\u00dc garantiiosakonna otsuse toote garantii suhtes, on tal \u00f5igus tellida erapooletu ekspertiis vastava litsentsiga asutuselt. Ekspertiisi kulud kannab ekspertiisi tellija. Juhul kui ekspertiis t\u00f5endab toote s\u00fc\u00fclisust ja TEHO Partners O\u00dc aktsepteerib ekspertiisi otsust katab kulud TEHO Partners O\u00dc.<br \/>\nVealist toodet, mis on h\u00fcvitatud, ei tagastata.<br \/>\nKui toodet ei aktsepteerita garantiiliseks, ja garantiin\u00f5ude esitaja ei n\u00f5ua toote tagastamist on TEHO Partners O\u00dc \u00f5igus toode 30 p\u00e4eva m\u00f6\u00f6dudes toode utiliseerida.<\/p>\n","protected":false},"excerpt":{"rendered":"<p>K\u00f5ik hinnad on eurodes (EUR) ja sisaldavad KM 20% Toodete valimine Tooteid on v\u00f5imalik leida ja lisada ostukorvi kasutades nii<\/p>\n","protected":false},"author":1,"featured_media":0,"parent":0,"menu_order":0,"comment_status":"closed","ping_status":"closed","template":"","meta":{"footnotes":""},"_links":{"self":[{"href":"https:\/\/tparts.ee\/ru\/wp-json\/wp\/v2\/pages\/4725"}],"collection":[{"href":"https:\/\/tparts.ee\/ru\/wp-json\/wp\/v2\/pages"}],"about":[{"href":"https:\/\/tparts.ee\/ru\/wp-json\/wp\/v2\/types\/page"}],"author":[{"embeddable":true,"href":"https:\/\/tparts.ee\/ru\/wp-json\/wp\/v2\/users\/1"}],"replies":[{"embeddable":true,"href":"https:\/\/tparts.ee\/ru\/wp-json\/wp\/v2\/comments?post=4725"}],"version-history":[{"count":0,"href":"https:\/\/tparts.ee\/ru\/wp-json\/wp\/v2\/pages\/4725\/revisions"}],"wp:attachment":[{"href":"https:\/\/tparts.ee\/ru\/wp-json\/wp\/v2\/media?parent=4725"}],"curies":[{"name":"wp","href":"https:\/\/api.w.org\/{rel}","templated":true}]}}