{"id":805734,"date":"2026-04-26T03:00:16","date_gmt":"2026-04-26T03:00:16","guid":{"rendered":""},"modified":"2026-04-26T03:00:16","modified_gmt":"2026-04-26T03:00:16","slug":"total-5w40-quartz-9000-5l","status":"publish","type":"product","link":"https:\/\/tparts.ee\/et\/p\/total-5w40-quartz-9000-5l\/","title":{"rendered":"Total 5W40 Quartz 9000 5L"},"content":{"rendered":"<p><\/p>\n<p>S\u00fcnteetiline mootori\u00f5li kaasaegsetele s\u00f5idu- ja pakiautode bensiini- ning diiselmootoritele. Eelisteks on suurep\u00e4rased k\u00fclmk\u00e4ivitusomadused<\/p>","protected":false},"excerpt":{"rendered":"<p>S181-TOT213678<\/p>\n","protected":false},"featured_media":805735,"template":"","meta":[],"product_cat":[55632,55692,55693],"product_tag":[],"_links":{"self":[{"href":"https:\/\/tparts.ee\/et\/wp-json\/wp\/v2\/product\/805734"}],"collection":[{"href":"https:\/\/tparts.ee\/et\/wp-json\/wp\/v2\/product"}],"about":[{"href":"https:\/\/tparts.ee\/et\/wp-json\/wp\/v2\/types\/product"}],"wp:featuredmedia":[{"embeddable":true,"href":"https:\/\/tparts.ee\/et\/wp-json\/wp\/v2\/media\/805735"}],"wp:attachment":[{"href":"https:\/\/tparts.ee\/et\/wp-json\/wp\/v2\/media?parent=805734"}],"wp:term":[{"taxonomy":"product_cat","embeddable":true,"href":"https:\/\/tparts.ee\/et\/wp-json\/wp\/v2\/product_cat?post=805734"},{"taxonomy":"product_tag","embeddable":true,"href":"https:\/\/tparts.ee\/et\/wp-json\/wp\/v2\/product_tag?post=805734"}],"curies":[{"name":"wp","href":"https:\/\/api.w.org\/{rel}","templated":true}]}}