{"id":804983,"date":"2026-04-21T03:00:42","date_gmt":"2026-04-21T03:00:42","guid":{"rendered":""},"modified":"2026-04-21T03:00:42","modified_gmt":"2026-04-21T03:00:42","slug":"axel-toopuksid-2xl-56","status":"publish","type":"product","link":"https:\/\/tparts.ee\/et\/p\/axel-toopuksid-2xl-56\/","title":{"rendered":"AXEL t\u00f6\u00f6p\u00fcksid 2XL (56)"},"content":{"rendered":"<p><\/p>\n<p>AXEL dressip&uuml;ksid on praktiline valik kasutajatele<\/p>","protected":false},"excerpt":{"rendered":"<p>S171-HT5K905-2XL<\/p>\n","protected":false},"featured_media":804984,"template":"","meta":[],"product_cat":[56584,55623,55622],"product_tag":[],"_links":{"self":[{"href":"https:\/\/tparts.ee\/et\/wp-json\/wp\/v2\/product\/804983"}],"collection":[{"href":"https:\/\/tparts.ee\/et\/wp-json\/wp\/v2\/product"}],"about":[{"href":"https:\/\/tparts.ee\/et\/wp-json\/wp\/v2\/types\/product"}],"wp:featuredmedia":[{"embeddable":true,"href":"https:\/\/tparts.ee\/et\/wp-json\/wp\/v2\/media\/804984"}],"wp:attachment":[{"href":"https:\/\/tparts.ee\/et\/wp-json\/wp\/v2\/media?parent=804983"}],"wp:term":[{"taxonomy":"product_cat","embeddable":true,"href":"https:\/\/tparts.ee\/et\/wp-json\/wp\/v2\/product_cat?post=804983"},{"taxonomy":"product_tag","embeddable":true,"href":"https:\/\/tparts.ee\/et\/wp-json\/wp\/v2\/product_tag?post=804983"}],"curies":[{"name":"wp","href":"https:\/\/api.w.org\/{rel}","templated":true}]}}