{"id":804329,"date":"2026-04-21T03:00:41","date_gmt":"2026-04-21T03:00:41","guid":{"rendered":""},"modified":"2026-04-21T03:00:41","modified_gmt":"2026-04-21T03:00:41","slug":"rohu-moodik-52cm","status":"publish","type":"product","link":"https:\/\/tparts.ee\/et\/p\/rohu-moodik-52cm\/","title":{"rendered":"R\u00f5hu m\u00f5\u00f5dik 52cm"},"content":{"rendered":"<p> must<\/p>","protected":false},"excerpt":{"rendered":"<p>S103-1013.2<\/p>\n","protected":false},"featured_media":804330,"template":"","meta":[],"product_cat":[55632,55662],"product_tag":[],"_links":{"self":[{"href":"https:\/\/tparts.ee\/et\/wp-json\/wp\/v2\/product\/804329"}],"collection":[{"href":"https:\/\/tparts.ee\/et\/wp-json\/wp\/v2\/product"}],"about":[{"href":"https:\/\/tparts.ee\/et\/wp-json\/wp\/v2\/types\/product"}],"wp:featuredmedia":[{"embeddable":true,"href":"https:\/\/tparts.ee\/et\/wp-json\/wp\/v2\/media\/804330"}],"wp:attachment":[{"href":"https:\/\/tparts.ee\/et\/wp-json\/wp\/v2\/media?parent=804329"}],"wp:term":[{"taxonomy":"product_cat","embeddable":true,"href":"https:\/\/tparts.ee\/et\/wp-json\/wp\/v2\/product_cat?post=804329"},{"taxonomy":"product_tag","embeddable":true,"href":"https:\/\/tparts.ee\/et\/wp-json\/wp\/v2\/product_tag?post=804329"}],"curies":[{"name":"wp","href":"https:\/\/api.w.org\/{rel}","templated":true}]}}