{"id":804077,"date":"2026-04-21T03:00:40","date_gmt":"2026-04-21T03:00:40","guid":{"rendered":""},"modified":"2026-04-21T03:00:40","modified_gmt":"2026-04-21T03:00:40","slug":"elektriline-diislipump-12v-labimoot-38mm","status":"publish","type":"product","link":"https:\/\/tparts.ee\/et\/p\/elektriline-diislipump-12v-labimoot-38mm\/","title":{"rendered":"Elektriline diislipump 12V l\u00e4bim\u00f5\u00f5t 38mm"},"content":{"rendered":"<p><\/p>\n<p>12V pump<\/p>","protected":false},"excerpt":{"rendered":"<p>S103-03242<\/p>\n","protected":false},"featured_media":804078,"template":"","meta":[],"product_cat":[55940,55622],"product_tag":[],"_links":{"self":[{"href":"https:\/\/tparts.ee\/et\/wp-json\/wp\/v2\/product\/804077"}],"collection":[{"href":"https:\/\/tparts.ee\/et\/wp-json\/wp\/v2\/product"}],"about":[{"href":"https:\/\/tparts.ee\/et\/wp-json\/wp\/v2\/types\/product"}],"wp:featuredmedia":[{"embeddable":true,"href":"https:\/\/tparts.ee\/et\/wp-json\/wp\/v2\/media\/804078"}],"wp:attachment":[{"href":"https:\/\/tparts.ee\/et\/wp-json\/wp\/v2\/media?parent=804077"}],"wp:term":[{"taxonomy":"product_cat","embeddable":true,"href":"https:\/\/tparts.ee\/et\/wp-json\/wp\/v2\/product_cat?post=804077"},{"taxonomy":"product_tag","embeddable":true,"href":"https:\/\/tparts.ee\/et\/wp-json\/wp\/v2\/product_tag?post=804077"}],"curies":[{"name":"wp","href":"https:\/\/api.w.org\/{rel}","templated":true}]}}