{"id":803667,"date":"2026-04-21T03:00:39","date_gmt":"2026-04-21T03:00:39","guid":{"rendered":""},"modified":"2026-04-21T03:00:39","modified_gmt":"2026-04-21T03:00:39","slug":"tookojatool-ratastel-tooriistade-hoiustamisega","status":"publish","type":"product","link":"https:\/\/tparts.ee\/et\/p\/tookojatool-ratastel-tooriistade-hoiustamisega\/","title":{"rendered":"T\u00f6\u00f6kojatool ratastel t\u00f6\u00f6riistade hoiustamisega"},"content":{"rendered":"<p><\/p>\n<p>Ideaalne lahendus neile<\/p>","protected":false},"excerpt":{"rendered":"<p>S103-04268<\/p>\n","protected":false},"featured_media":803668,"template":"","meta":[],"product_cat":[55631,55623,55622],"product_tag":[],"_links":{"self":[{"href":"https:\/\/tparts.ee\/et\/wp-json\/wp\/v2\/product\/803667"}],"collection":[{"href":"https:\/\/tparts.ee\/et\/wp-json\/wp\/v2\/product"}],"about":[{"href":"https:\/\/tparts.ee\/et\/wp-json\/wp\/v2\/types\/product"}],"wp:featuredmedia":[{"embeddable":true,"href":"https:\/\/tparts.ee\/et\/wp-json\/wp\/v2\/media\/803668"}],"wp:attachment":[{"href":"https:\/\/tparts.ee\/et\/wp-json\/wp\/v2\/media?parent=803667"}],"wp:term":[{"taxonomy":"product_cat","embeddable":true,"href":"https:\/\/tparts.ee\/et\/wp-json\/wp\/v2\/product_cat?post=803667"},{"taxonomy":"product_tag","embeddable":true,"href":"https:\/\/tparts.ee\/et\/wp-json\/wp\/v2\/product_tag?post=803667"}],"curies":[{"name":"wp","href":"https:\/\/api.w.org\/{rel}","templated":true}]}}