{"id":803577,"date":"2026-04-21T03:00:39","date_gmt":"2026-04-21T03:00:39","guid":{"rendered":""},"modified":"2026-04-21T03:00:39","modified_gmt":"2026-04-21T03:00:39","slug":"beelitz-toopuksid-m-504","status":"publish","type":"product","link":"https:\/\/tparts.ee\/et\/p\/beelitz-toopuksid-m-504\/","title":{"rendered":"BEELITZ t\u00f6\u00f6p\u00fcksid M(50)"},"content":{"rendered":"<p><\/p>\n<p>BEELITZ sinimustad p&uuml;ksid &uuml;hendavad endas moodsa disaini ja funktsionaalsuse. Need on loodud mugavust ja kasutusmugavust silmas pidades &ndash; p&uuml;ksid istuvad kehale ideaalselt ja tagavad liikumisvabaduse. Valmistatud kvaliteetsest pol&uuml;estrist v&auml;hese elastaanisisaldusega &ndash; materjal on kiiresti kuivav. Suur kangakaal tagab vastupidavuse ja kestvuse igap&auml;evasel kasutamisel. Ideaalne valik autot&ouml;&ouml;stuse<\/p>","protected":false},"excerpt":{"rendered":"<p>S171-HT5K819-2XL<\/p>\n","protected":false},"featured_media":803578,"template":"","meta":[],"product_cat":[56584,55623,55622],"product_tag":[],"_links":{"self":[{"href":"https:\/\/tparts.ee\/et\/wp-json\/wp\/v2\/product\/803577"}],"collection":[{"href":"https:\/\/tparts.ee\/et\/wp-json\/wp\/v2\/product"}],"about":[{"href":"https:\/\/tparts.ee\/et\/wp-json\/wp\/v2\/types\/product"}],"wp:featuredmedia":[{"embeddable":true,"href":"https:\/\/tparts.ee\/et\/wp-json\/wp\/v2\/media\/803578"}],"wp:attachment":[{"href":"https:\/\/tparts.ee\/et\/wp-json\/wp\/v2\/media?parent=803577"}],"wp:term":[{"taxonomy":"product_cat","embeddable":true,"href":"https:\/\/tparts.ee\/et\/wp-json\/wp\/v2\/product_cat?post=803577"},{"taxonomy":"product_tag","embeddable":true,"href":"https:\/\/tparts.ee\/et\/wp-json\/wp\/v2\/product_tag?post=803577"}],"curies":[{"name":"wp","href":"https:\/\/api.w.org\/{rel}","templated":true}]}}