{"id":802987,"date":"2026-04-21T03:00:37","date_gmt":"2026-04-21T03:00:37","guid":{"rendered":""},"modified":"2026-04-21T03:00:37","modified_gmt":"2026-04-21T03:00:37","slug":"roolikate-labimoodule-37-39cm5","status":"publish","type":"product","link":"https:\/\/tparts.ee\/et\/p\/roolikate-labimoodule-37-39cm5\/","title":{"rendered":"Roolikate  l\u00e4bim\u00f5\u00f5dule 37-39cm"},"content":{"rendered":"<p> bee\u017e<\/p>","protected":false},"excerpt":{"rendered":"<p>S103-04171<\/p>\n","protected":false},"featured_media":802988,"template":"","meta":[],"product_cat":[55632,55879,55633],"product_tag":[],"_links":{"self":[{"href":"https:\/\/tparts.ee\/et\/wp-json\/wp\/v2\/product\/802987"}],"collection":[{"href":"https:\/\/tparts.ee\/et\/wp-json\/wp\/v2\/product"}],"about":[{"href":"https:\/\/tparts.ee\/et\/wp-json\/wp\/v2\/types\/product"}],"wp:featuredmedia":[{"embeddable":true,"href":"https:\/\/tparts.ee\/et\/wp-json\/wp\/v2\/media\/802988"}],"wp:attachment":[{"href":"https:\/\/tparts.ee\/et\/wp-json\/wp\/v2\/media?parent=802987"}],"wp:term":[{"taxonomy":"product_cat","embeddable":true,"href":"https:\/\/tparts.ee\/et\/wp-json\/wp\/v2\/product_cat?post=802987"},{"taxonomy":"product_tag","embeddable":true,"href":"https:\/\/tparts.ee\/et\/wp-json\/wp\/v2\/product_tag?post=802987"}],"curies":[{"name":"wp","href":"https:\/\/api.w.org\/{rel}","templated":true}]}}