{"id":802791,"date":"2026-04-21T03:00:37","date_gmt":"2026-04-21T03:00:37","guid":{"rendered":""},"modified":"2026-04-21T03:00:37","modified_gmt":"2026-04-21T03:00:37","slug":"summutiotsik-kroom2","status":"publish","type":"product","link":"https:\/\/tparts.ee\/et\/p\/summutiotsik-kroom2\/","title":{"rendered":"Summutiotsik kroom"},"content":{"rendered":"<p> l\u00e4bim\u00f5\u00f5dule 32-52mm <\/p>","protected":false},"excerpt":{"rendered":"<p>S103-04068<\/p>\n","protected":false},"featured_media":802792,"template":"","meta":[],"product_cat":[55632,55685,55635],"product_tag":[],"_links":{"self":[{"href":"https:\/\/tparts.ee\/et\/wp-json\/wp\/v2\/product\/802791"}],"collection":[{"href":"https:\/\/tparts.ee\/et\/wp-json\/wp\/v2\/product"}],"about":[{"href":"https:\/\/tparts.ee\/et\/wp-json\/wp\/v2\/types\/product"}],"wp:featuredmedia":[{"embeddable":true,"href":"https:\/\/tparts.ee\/et\/wp-json\/wp\/v2\/media\/802792"}],"wp:attachment":[{"href":"https:\/\/tparts.ee\/et\/wp-json\/wp\/v2\/media?parent=802791"}],"wp:term":[{"taxonomy":"product_cat","embeddable":true,"href":"https:\/\/tparts.ee\/et\/wp-json\/wp\/v2\/product_cat?post=802791"},{"taxonomy":"product_tag","embeddable":true,"href":"https:\/\/tparts.ee\/et\/wp-json\/wp\/v2\/product_tag?post=802791"}],"curies":[{"name":"wp","href":"https:\/\/api.w.org\/{rel}","templated":true}]}}