{"id":802237,"date":"2026-04-22T03:00:42","date_gmt":"2026-04-22T03:00:42","guid":{"rendered":""},"modified":"2026-04-22T03:00:42","modified_gmt":"2026-04-22T03:00:42","slug":"lehter-labimooduga-14cm","status":"publish","type":"product","link":"https:\/\/tparts.ee\/et\/p\/lehter-labimooduga-14cm\/","title":{"rendered":"Lehter l\u00e4bim\u00f5\u00f5duga 14cm"},"content":{"rendered":"<p> pikkus 29cm<\/p>","protected":false},"excerpt":{"rendered":"<p>S103-04054<\/p>\n","protected":false},"featured_media":802238,"template":"","meta":[],"product_cat":[55632,55678,55703],"product_tag":[],"_links":{"self":[{"href":"https:\/\/tparts.ee\/et\/wp-json\/wp\/v2\/product\/802237"}],"collection":[{"href":"https:\/\/tparts.ee\/et\/wp-json\/wp\/v2\/product"}],"about":[{"href":"https:\/\/tparts.ee\/et\/wp-json\/wp\/v2\/types\/product"}],"wp:featuredmedia":[{"embeddable":true,"href":"https:\/\/tparts.ee\/et\/wp-json\/wp\/v2\/media\/802238"}],"wp:attachment":[{"href":"https:\/\/tparts.ee\/et\/wp-json\/wp\/v2\/media?parent=802237"}],"wp:term":[{"taxonomy":"product_cat","embeddable":true,"href":"https:\/\/tparts.ee\/et\/wp-json\/wp\/v2\/product_cat?post=802237"},{"taxonomy":"product_tag","embeddable":true,"href":"https:\/\/tparts.ee\/et\/wp-json\/wp\/v2\/product_tag?post=802237"}],"curies":[{"name":"wp","href":"https:\/\/api.w.org\/{rel}","templated":true}]}}