{"id":801859,"date":"2026-04-21T03:00:34","date_gmt":"2026-04-21T03:00:34","guid":{"rendered":""},"modified":"2026-04-21T03:00:34","modified_gmt":"2026-04-21T03:00:34","slug":"universaalne-veovollimaare-shrus-4-yuko-375ml","status":"publish","type":"product","link":"https:\/\/tparts.ee\/et\/p\/universaalne-veovollimaare-shrus-4-yuko-375ml\/","title":{"rendered":"Universaalne veov\u00f5llim\u00e4\u00e4re SHRUS 4 Yuko 375ml"},"content":{"rendered":"<p><\/p>\n<p>Veekindel mol&uuml;bdeendisulfiidi sisaldav liitiumm&auml;&auml;re autode p&uuml;sikiirusliigendite m&auml;&auml;rimiseks. V&otilde;ib kasutada ka rummude s&otilde;lmedes kasutatavate kuullaagrite m&auml;&auml;rimiseks. T&ouml;&ouml;temperatuur -40&deg;C&#8230;+120&deg;C. T&auml;iustatud &auml;&auml;rmusliku r&otilde;hu<\/p>","protected":false},"excerpt":{"rendered":"<p>S181-YUPT375<\/p>\n","protected":false},"featured_media":801860,"template":"","meta":[],"product_cat":[55632,55686,55688,55687],"product_tag":[],"_links":{"self":[{"href":"https:\/\/tparts.ee\/et\/wp-json\/wp\/v2\/product\/801859"}],"collection":[{"href":"https:\/\/tparts.ee\/et\/wp-json\/wp\/v2\/product"}],"about":[{"href":"https:\/\/tparts.ee\/et\/wp-json\/wp\/v2\/types\/product"}],"wp:featuredmedia":[{"embeddable":true,"href":"https:\/\/tparts.ee\/et\/wp-json\/wp\/v2\/media\/801860"}],"wp:attachment":[{"href":"https:\/\/tparts.ee\/et\/wp-json\/wp\/v2\/media?parent=801859"}],"wp:term":[{"taxonomy":"product_cat","embeddable":true,"href":"https:\/\/tparts.ee\/et\/wp-json\/wp\/v2\/product_cat?post=801859"},{"taxonomy":"product_tag","embeddable":true,"href":"https:\/\/tparts.ee\/et\/wp-json\/wp\/v2\/product_tag?post=801859"}],"curies":[{"name":"wp","href":"https:\/\/api.w.org\/{rel}","templated":true}]}}