{"id":800629,"date":"2026-04-21T03:00:31","date_gmt":"2026-04-21T03:00:31","guid":{"rendered":""},"modified":"2026-04-21T03:00:31","modified_gmt":"2026-04-21T03:00:31","slug":"oli-suruohutooriistadele-500ml","status":"publish","type":"product","link":"https:\/\/tparts.ee\/et\/p\/oli-suruohutooriistadele-500ml\/","title":{"rendered":"\u00d5li suru\u00f5hut\u00f6\u00f6riistadele 500ml"},"content":{"rendered":"<p><\/p>\n<p>M&otilde;eldud suru&otilde;huhaamrite<\/p>","protected":false},"excerpt":{"rendered":"<p>S114-PNOLEJN06<\/p>\n","protected":false},"featured_media":800630,"template":"","meta":[],"product_cat":[56109,55623,55622],"product_tag":[],"_links":{"self":[{"href":"https:\/\/tparts.ee\/et\/wp-json\/wp\/v2\/product\/800629"}],"collection":[{"href":"https:\/\/tparts.ee\/et\/wp-json\/wp\/v2\/product"}],"about":[{"href":"https:\/\/tparts.ee\/et\/wp-json\/wp\/v2\/types\/product"}],"wp:featuredmedia":[{"embeddable":true,"href":"https:\/\/tparts.ee\/et\/wp-json\/wp\/v2\/media\/800630"}],"wp:attachment":[{"href":"https:\/\/tparts.ee\/et\/wp-json\/wp\/v2\/media?parent=800629"}],"wp:term":[{"taxonomy":"product_cat","embeddable":true,"href":"https:\/\/tparts.ee\/et\/wp-json\/wp\/v2\/product_cat?post=800629"},{"taxonomy":"product_tag","embeddable":true,"href":"https:\/\/tparts.ee\/et\/wp-json\/wp\/v2\/product_tag?post=800629"}],"curies":[{"name":"wp","href":"https:\/\/api.w.org\/{rel}","templated":true}]}}