{"id":800257,"date":"2026-04-21T03:00:30","date_gmt":"2026-04-21T03:00:30","guid":{"rendered":""},"modified":"2026-04-21T03:00:30","modified_gmt":"2026-04-21T03:00:30","slug":"pesunoor-elastne-2m-3","status":"publish","type":"product","link":"https:\/\/tparts.ee\/et\/p\/pesunoor-elastne-2m-3\/","title":{"rendered":"Pesun\u00f6\u00f6r elastne 2m-3"},"content":{"rendered":"<p>3m 12 pesul\u00f5ksuga <\/p>","protected":false},"excerpt":{"rendered":"<p>S103-362103<\/p>\n","protected":false},"featured_media":800258,"template":"","meta":[],"product_cat":[55816,55617],"product_tag":[],"_links":{"self":[{"href":"https:\/\/tparts.ee\/et\/wp-json\/wp\/v2\/product\/800257"}],"collection":[{"href":"https:\/\/tparts.ee\/et\/wp-json\/wp\/v2\/product"}],"about":[{"href":"https:\/\/tparts.ee\/et\/wp-json\/wp\/v2\/types\/product"}],"wp:featuredmedia":[{"embeddable":true,"href":"https:\/\/tparts.ee\/et\/wp-json\/wp\/v2\/media\/800258"}],"wp:attachment":[{"href":"https:\/\/tparts.ee\/et\/wp-json\/wp\/v2\/media?parent=800257"}],"wp:term":[{"taxonomy":"product_cat","embeddable":true,"href":"https:\/\/tparts.ee\/et\/wp-json\/wp\/v2\/product_cat?post=800257"},{"taxonomy":"product_tag","embeddable":true,"href":"https:\/\/tparts.ee\/et\/wp-json\/wp\/v2\/product_tag?post=800257"}],"curies":[{"name":"wp","href":"https:\/\/api.w.org\/{rel}","templated":true}]}}