{"id":800087,"date":"2026-04-21T03:00:30","date_gmt":"2026-04-21T03:00:30","guid":{"rendered":""},"modified":"2026-04-21T03:00:30","modified_gmt":"2026-04-21T03:00:30","slug":"volme-veekindlad-puksid-korgnahtavus-m","status":"publish","type":"product","link":"https:\/\/tparts.ee\/et\/p\/volme-veekindlad-puksid-korgnahtavus-m\/","title":{"rendered":"VOLME veekindlad p\u00fcksid k\u00f5rgn\u00e4htavus M"},"content":{"rendered":"<p><\/p>\n<p>K&otilde;rgeima kvaliteediga materjalidest valmistatud h&auml;sti n&auml;htavad meeste tunked.<br \/>Neid eristab kerge kaal ja &otilde;hu l&auml;bilaskvus<\/p>","protected":false},"excerpt":{"rendered":"<p>S171-HT5K342-M<\/p>\n","protected":false},"featured_media":800088,"template":"","meta":[],"product_cat":[55623,56040,55622],"product_tag":[],"_links":{"self":[{"href":"https:\/\/tparts.ee\/et\/wp-json\/wp\/v2\/product\/800087"}],"collection":[{"href":"https:\/\/tparts.ee\/et\/wp-json\/wp\/v2\/product"}],"about":[{"href":"https:\/\/tparts.ee\/et\/wp-json\/wp\/v2\/types\/product"}],"wp:featuredmedia":[{"embeddable":true,"href":"https:\/\/tparts.ee\/et\/wp-json\/wp\/v2\/media\/800088"}],"wp:attachment":[{"href":"https:\/\/tparts.ee\/et\/wp-json\/wp\/v2\/media?parent=800087"}],"wp:term":[{"taxonomy":"product_cat","embeddable":true,"href":"https:\/\/tparts.ee\/et\/wp-json\/wp\/v2\/product_cat?post=800087"},{"taxonomy":"product_tag","embeddable":true,"href":"https:\/\/tparts.ee\/et\/wp-json\/wp\/v2\/product_tag?post=800087"}],"curies":[{"name":"wp","href":"https:\/\/api.w.org\/{rel}","templated":true}]}}