{"id":799713,"date":"2026-04-21T03:00:29","date_gmt":"2026-04-21T03:00:29","guid":{"rendered":""},"modified":"2026-04-21T03:00:29","modified_gmt":"2026-04-21T03:00:29","slug":"gaasipoleti-piesosuutega-1300-c","status":"publish","type":"product","link":"https:\/\/tparts.ee\/et\/p\/gaasipoleti-piesosuutega-1300-c\/","title":{"rendered":"Gaasip\u00f5leti piesos\u00fc\u00fctega 1300\u00b0C"},"content":{"rendered":"<p><\/p>\n<p>Gaasip&otilde;leti koos paagiga kasutamiseks kodumajapidamistes<\/p>","protected":false},"excerpt":{"rendered":"<p>S171-HT2C509<\/p>\n","protected":false},"featured_media":799714,"template":"","meta":[],"product_cat":[55987,55622],"product_tag":[],"_links":{"self":[{"href":"https:\/\/tparts.ee\/et\/wp-json\/wp\/v2\/product\/799713"}],"collection":[{"href":"https:\/\/tparts.ee\/et\/wp-json\/wp\/v2\/product"}],"about":[{"href":"https:\/\/tparts.ee\/et\/wp-json\/wp\/v2\/types\/product"}],"wp:featuredmedia":[{"embeddable":true,"href":"https:\/\/tparts.ee\/et\/wp-json\/wp\/v2\/media\/799714"}],"wp:attachment":[{"href":"https:\/\/tparts.ee\/et\/wp-json\/wp\/v2\/media?parent=799713"}],"wp:term":[{"taxonomy":"product_cat","embeddable":true,"href":"https:\/\/tparts.ee\/et\/wp-json\/wp\/v2\/product_cat?post=799713"},{"taxonomy":"product_tag","embeddable":true,"href":"https:\/\/tparts.ee\/et\/wp-json\/wp\/v2\/product_tag?post=799713"}],"curies":[{"name":"wp","href":"https:\/\/api.w.org\/{rel}","templated":true}]}}