{"id":799591,"date":"2026-04-21T03:00:29","date_gmt":"2026-04-21T03:00:29","guid":{"rendered":""},"modified":"2026-04-21T03:00:29","modified_gmt":"2026-04-21T03:00:29","slug":"tooriistakaru-7-sahtliga","status":"publish","type":"product","link":"https:\/\/tparts.ee\/et\/p\/tooriistakaru-7-sahtliga\/","title":{"rendered":"T\u00f6\u00f6riistak\u00e4ru 7 sahtliga"},"content":{"rendered":"<p><\/p>\n<p>Praktiline 7 sahtliga t&ouml;&ouml;riistakapp t&ouml;&ouml;riistade ja tarvikute hoiustamiseks.<\/p>\n<p><\/p>\n<p>&#8211; 7 sisset&otilde;mmatavat sahtlit: 6 sahtlit k&otilde;rgusega 75 mm k&otilde;rg ja 1 sahtel 154 mm k&otilde;rge<br \/>&#8211; Kvaliteetsetest materjalidest mehhanismiga sahtlijuhikud<br \/>&#8211; Turvalukk<\/p>","protected":false},"excerpt":{"rendered":"<p>S171-HT7G047<\/p>\n","protected":false},"featured_media":799592,"template":"","meta":[],"product_cat":[55667,56118,55622],"product_tag":[],"_links":{"self":[{"href":"https:\/\/tparts.ee\/et\/wp-json\/wp\/v2\/product\/799591"}],"collection":[{"href":"https:\/\/tparts.ee\/et\/wp-json\/wp\/v2\/product"}],"about":[{"href":"https:\/\/tparts.ee\/et\/wp-json\/wp\/v2\/types\/product"}],"wp:featuredmedia":[{"embeddable":true,"href":"https:\/\/tparts.ee\/et\/wp-json\/wp\/v2\/media\/799592"}],"wp:attachment":[{"href":"https:\/\/tparts.ee\/et\/wp-json\/wp\/v2\/media?parent=799591"}],"wp:term":[{"taxonomy":"product_cat","embeddable":true,"href":"https:\/\/tparts.ee\/et\/wp-json\/wp\/v2\/product_cat?post=799591"},{"taxonomy":"product_tag","embeddable":true,"href":"https:\/\/tparts.ee\/et\/wp-json\/wp\/v2\/product_tag?post=799591"}],"curies":[{"name":"wp","href":"https:\/\/api.w.org\/{rel}","templated":true}]}}