{"id":799417,"date":"2026-04-25T03:00:20","date_gmt":"2026-04-25T03:00:20","guid":{"rendered":""},"modified":"2026-04-25T03:00:20","modified_gmt":"2026-04-25T03:00:20","slug":"ohuvarskendi-michelin-ratas-48gr-mand","status":"publish","type":"product","link":"https:\/\/tparts.ee\/et\/p\/ohuvarskendi-michelin-ratas-48gr-mand\/","title":{"rendered":"\u00d5huv\u00e4rskendi Michelin ratas 48gr m\u00e4nd"},"content":{"rendered":"<p><\/p>\n<p>L&otilde;hnade intensiivsuse kontrolliga. Sobib ideaalselt kasutamiseks kodus<\/p>","protected":false},"excerpt":{"rendered":"<p>S131-W31340<\/p>\n","protected":false},"featured_media":799418,"template":"","meta":[],"product_cat":[55654,55632,55633],"product_tag":[],"_links":{"self":[{"href":"https:\/\/tparts.ee\/et\/wp-json\/wp\/v2\/product\/799417"}],"collection":[{"href":"https:\/\/tparts.ee\/et\/wp-json\/wp\/v2\/product"}],"about":[{"href":"https:\/\/tparts.ee\/et\/wp-json\/wp\/v2\/types\/product"}],"wp:featuredmedia":[{"embeddable":true,"href":"https:\/\/tparts.ee\/et\/wp-json\/wp\/v2\/media\/799418"}],"wp:attachment":[{"href":"https:\/\/tparts.ee\/et\/wp-json\/wp\/v2\/media?parent=799417"}],"wp:term":[{"taxonomy":"product_cat","embeddable":true,"href":"https:\/\/tparts.ee\/et\/wp-json\/wp\/v2\/product_cat?post=799417"},{"taxonomy":"product_tag","embeddable":true,"href":"https:\/\/tparts.ee\/et\/wp-json\/wp\/v2\/product_tag?post=799417"}],"curies":[{"name":"wp","href":"https:\/\/api.w.org\/{rel}","templated":true}]}}