{"id":799403,"date":"2026-04-21T03:00:28","date_gmt":"2026-04-21T03:00:28","guid":{"rendered":""},"modified":"2026-04-21T03:00:28","modified_gmt":"2026-04-21T03:00:28","slug":"rehvimanomeeter1","status":"publish","type":"product","link":"https:\/\/tparts.ee\/et\/p\/rehvimanomeeter1\/","title":{"rendered":"Rehvimanomeeter"},"content":{"rendered":"<p> turvise s\u00fcgavusm\u00f5\u00f5tja<\/p>","protected":false},"excerpt":{"rendered":"<p>S131-WMN-4203<\/p>\n","protected":false},"featured_media":799404,"template":"","meta":[],"product_cat":[55632,56105,55645],"product_tag":[],"_links":{"self":[{"href":"https:\/\/tparts.ee\/et\/wp-json\/wp\/v2\/product\/799403"}],"collection":[{"href":"https:\/\/tparts.ee\/et\/wp-json\/wp\/v2\/product"}],"about":[{"href":"https:\/\/tparts.ee\/et\/wp-json\/wp\/v2\/types\/product"}],"wp:featuredmedia":[{"embeddable":true,"href":"https:\/\/tparts.ee\/et\/wp-json\/wp\/v2\/media\/799404"}],"wp:attachment":[{"href":"https:\/\/tparts.ee\/et\/wp-json\/wp\/v2\/media?parent=799403"}],"wp:term":[{"taxonomy":"product_cat","embeddable":true,"href":"https:\/\/tparts.ee\/et\/wp-json\/wp\/v2\/product_cat?post=799403"},{"taxonomy":"product_tag","embeddable":true,"href":"https:\/\/tparts.ee\/et\/wp-json\/wp\/v2\/product_tag?post=799403"}],"curies":[{"name":"wp","href":"https:\/\/api.w.org\/{rel}","templated":true}]}}