{"id":798935,"date":"2026-04-21T03:00:27","date_gmt":"2026-04-21T03:00:27","guid":{"rendered":""},"modified":"2026-04-21T03:00:27","modified_gmt":"2026-04-21T03:00:27","slug":"87624453","status":"publish","type":"product","link":"https:\/\/tparts.ee\/et\/p\/87624453\/","title":{"rendered":""},"content":{"rendered":"<p><\/p>\n<p>koos varurattaga (t\u00e4is m\u00f5\u00f5dus)<br \/>liftback<\/p>\n<p><\/p>","protected":false},"excerpt":{"rendered":"<p>S102-DZ406919<\/p>\n","protected":false},"featured_media":798936,"template":"","meta":[],"product_cat":[55632,55669,55633],"product_tag":[],"_links":{"self":[{"href":"https:\/\/tparts.ee\/et\/wp-json\/wp\/v2\/product\/798935"}],"collection":[{"href":"https:\/\/tparts.ee\/et\/wp-json\/wp\/v2\/product"}],"about":[{"href":"https:\/\/tparts.ee\/et\/wp-json\/wp\/v2\/types\/product"}],"wp:featuredmedia":[{"embeddable":true,"href":"https:\/\/tparts.ee\/et\/wp-json\/wp\/v2\/media\/798936"}],"wp:attachment":[{"href":"https:\/\/tparts.ee\/et\/wp-json\/wp\/v2\/media?parent=798935"}],"wp:term":[{"taxonomy":"product_cat","embeddable":true,"href":"https:\/\/tparts.ee\/et\/wp-json\/wp\/v2\/product_cat?post=798935"},{"taxonomy":"product_tag","embeddable":true,"href":"https:\/\/tparts.ee\/et\/wp-json\/wp\/v2\/product_tag?post=798935"}],"curies":[{"name":"wp","href":"https:\/\/api.w.org\/{rel}","templated":true}]}}