{"id":798101,"date":"2026-04-21T03:00:26","date_gmt":"2026-04-21T03:00:26","guid":{"rendered":""},"modified":"2026-04-21T03:00:26","modified_gmt":"2026-04-21T03:00:26","slug":"hobedane-andur-o22mm-parkimisabisusteemi","status":"publish","type":"product","link":"https:\/\/tparts.ee\/et\/p\/hobedane-andur-o22mm-parkimisabisusteemi\/","title":{"rendered":"H\u00f5bedane andur \u00d822mm parkimisabis\u00fcsteemi"},"content":{"rendered":"","protected":false},"excerpt":{"rendered":"<p>S103-01014<\/p>\n","protected":false},"featured_media":798102,"template":"","meta":[],"product_cat":[55632,55652,55655],"product_tag":[],"_links":{"self":[{"href":"https:\/\/tparts.ee\/et\/wp-json\/wp\/v2\/product\/798101"}],"collection":[{"href":"https:\/\/tparts.ee\/et\/wp-json\/wp\/v2\/product"}],"about":[{"href":"https:\/\/tparts.ee\/et\/wp-json\/wp\/v2\/types\/product"}],"wp:featuredmedia":[{"embeddable":true,"href":"https:\/\/tparts.ee\/et\/wp-json\/wp\/v2\/media\/798102"}],"wp:attachment":[{"href":"https:\/\/tparts.ee\/et\/wp-json\/wp\/v2\/media?parent=798101"}],"wp:term":[{"taxonomy":"product_cat","embeddable":true,"href":"https:\/\/tparts.ee\/et\/wp-json\/wp\/v2\/product_cat?post=798101"},{"taxonomy":"product_tag","embeddable":true,"href":"https:\/\/tparts.ee\/et\/wp-json\/wp\/v2\/product_tag?post=798101"}],"curies":[{"name":"wp","href":"https:\/\/api.w.org\/{rel}","templated":true}]}}