{"id":797773,"date":"2026-04-21T03:00:26","date_gmt":"2026-04-21T03:00:26","guid":{"rendered":""},"modified":"2026-04-21T03:00:26","modified_gmt":"2026-04-21T03:00:26","slug":"automaatne-juhtme-puhastaja-6-5","status":"publish","type":"product","link":"https:\/\/tparts.ee\/et\/p\/automaatne-juhtme-puhastaja-6-5\/","title":{"rendered":"Automaatne juhtme puhastaja 6.5"},"content":{"rendered":"<p><\/p>\n<p>Koorimissvahemik- \u00fchekordne juhe v\u00f5i FPC l\u00e4bim\u00f5\u00f5duga 0.5-6.0MM<br \/>     Sobib auto-<\/p>","protected":false},"excerpt":{"rendered":"<p>S171-91108<\/p>\n","protected":false},"featured_media":797774,"template":"","meta":[],"product_cat":[56578,55667,55622],"product_tag":[],"_links":{"self":[{"href":"https:\/\/tparts.ee\/et\/wp-json\/wp\/v2\/product\/797773"}],"collection":[{"href":"https:\/\/tparts.ee\/et\/wp-json\/wp\/v2\/product"}],"about":[{"href":"https:\/\/tparts.ee\/et\/wp-json\/wp\/v2\/types\/product"}],"wp:featuredmedia":[{"embeddable":true,"href":"https:\/\/tparts.ee\/et\/wp-json\/wp\/v2\/media\/797774"}],"wp:attachment":[{"href":"https:\/\/tparts.ee\/et\/wp-json\/wp\/v2\/media?parent=797773"}],"wp:term":[{"taxonomy":"product_cat","embeddable":true,"href":"https:\/\/tparts.ee\/et\/wp-json\/wp\/v2\/product_cat?post=797773"},{"taxonomy":"product_tag","embeddable":true,"href":"https:\/\/tparts.ee\/et\/wp-json\/wp\/v2\/product_tag?post=797773"}],"curies":[{"name":"wp","href":"https:\/\/api.w.org\/{rel}","templated":true}]}}