{"id":797653,"date":"2026-04-21T03:00:26","date_gmt":"2026-04-21T03:00:26","guid":{"rendered":""},"modified":"2026-04-21T03:00:26","modified_gmt":"2026-04-21T03:00:26","slug":"1-2pikk-lookpadrun-27mm","status":"publish","type":"product","link":"https:\/\/tparts.ee\/et\/p\/1-2pikk-lookpadrun-27mm\/","title":{"rendered":"1\/2pikk l\u00f6\u00f6kpadrun 27mm"},"content":{"rendered":"<p>Valmistatud kvaliteetsest Cr-Mo terasest k\u00fclma sepistamise teel.<\/p>\n<p>     K\u00f5rge vastupidavus tugevatele l\u00f6\u00f6kidele<br \/>     Kuluosa.<\/p>\n<p><\/p>","protected":false},"excerpt":{"rendered":"<p>S171-34420<\/p>\n","protected":false},"featured_media":797654,"template":"","meta":[],"product_cat":[55667,55700,55622],"product_tag":[],"_links":{"self":[{"href":"https:\/\/tparts.ee\/et\/wp-json\/wp\/v2\/product\/797653"}],"collection":[{"href":"https:\/\/tparts.ee\/et\/wp-json\/wp\/v2\/product"}],"about":[{"href":"https:\/\/tparts.ee\/et\/wp-json\/wp\/v2\/types\/product"}],"wp:featuredmedia":[{"embeddable":true,"href":"https:\/\/tparts.ee\/et\/wp-json\/wp\/v2\/media\/797654"}],"wp:attachment":[{"href":"https:\/\/tparts.ee\/et\/wp-json\/wp\/v2\/media?parent=797653"}],"wp:term":[{"taxonomy":"product_cat","embeddable":true,"href":"https:\/\/tparts.ee\/et\/wp-json\/wp\/v2\/product_cat?post=797653"},{"taxonomy":"product_tag","embeddable":true,"href":"https:\/\/tparts.ee\/et\/wp-json\/wp\/v2\/product_tag?post=797653"}],"curies":[{"name":"wp","href":"https:\/\/api.w.org\/{rel}","templated":true}]}}