{"id":797541,"date":"2026-04-21T03:00:25","date_gmt":"2026-04-21T03:00:25","guid":{"rendered":""},"modified":"2026-04-21T03:00:25","modified_gmt":"2026-04-21T03:00:25","slug":"osram-ledinspect-mini250-toolamp","status":"publish","type":"product","link":"https:\/\/tparts.ee\/et\/p\/osram-ledinspect-mini250-toolamp\/","title":{"rendered":"Osram LEDinspect MINI250 t\u00f6\u00f6lamp"},"content":{"rendered":"<p><\/p>\n<p>Osrami kvaliteetne t\u00f6\u00f6lamp sobib ideaalselt nii professionaalseks kui ka isiklikuks kasutamiseks. Kolme valgusfunktsiooniga &#8211; k\u00f5rge kuni 250 lm<\/p>","protected":false},"excerpt":{"rendered":"<p>S152-LEDIL401<\/p>\n","protected":false},"featured_media":797542,"template":"","meta":[],"product_cat":[55699,55623,55622],"product_tag":[],"_links":{"self":[{"href":"https:\/\/tparts.ee\/et\/wp-json\/wp\/v2\/product\/797541"}],"collection":[{"href":"https:\/\/tparts.ee\/et\/wp-json\/wp\/v2\/product"}],"about":[{"href":"https:\/\/tparts.ee\/et\/wp-json\/wp\/v2\/types\/product"}],"wp:featuredmedia":[{"embeddable":true,"href":"https:\/\/tparts.ee\/et\/wp-json\/wp\/v2\/media\/797542"}],"wp:attachment":[{"href":"https:\/\/tparts.ee\/et\/wp-json\/wp\/v2\/media?parent=797541"}],"wp:term":[{"taxonomy":"product_cat","embeddable":true,"href":"https:\/\/tparts.ee\/et\/wp-json\/wp\/v2\/product_cat?post=797541"},{"taxonomy":"product_tag","embeddable":true,"href":"https:\/\/tparts.ee\/et\/wp-json\/wp\/v2\/product_tag?post=797541"}],"curies":[{"name":"wp","href":"https:\/\/api.w.org\/{rel}","templated":true}]}}