{"id":797123,"date":"2026-04-21T03:00:25","date_gmt":"2026-04-21T03:00:25","guid":{"rendered":""},"modified":"2026-04-21T03:00:25","modified_gmt":"2026-04-21T03:00:25","slug":"knarre-1-2-60h-metall-sabaga","status":"publish","type":"product","link":"https:\/\/tparts.ee\/et\/p\/knarre-1-2-60h-metall-sabaga\/","title":{"rendered":"Knarre 1\/2 60H metall sabaga"},"content":{"rendered":"<p><\/p>\n<p>1\/2-tolline ajamiga 120-asendiline knarre sobib suurep\u00e4raselt     s\u00f5idukite ja muude masinate detailide pingutamiseks v\u00f5i     vabastamiseks.<br \/>     120-asendit ja 3\u00b0 kraadine keermisnurk v\u00f5imaldavad  keerata     maksimaalselt v\u00e4ikse nurga all.<br \/>     60-hambaline hammasrattas ja toplet hammasv\u00f6\u00f6 pakub erakordset     tugevust ja kiiremat t\u00f6\u00f6v\u00f5tteid.<br \/>     Suletud pea disain kaitseb mustuse  eest ja tagav t\u00f5rgeteta t\u00f6\u00f6.<br \/>     V\u00e4ikse ja madala profiiliga pea pakub paremat juurdep\u00e4\u00e4su<\/p>","protected":false},"excerpt":{"rendered":"<p>S171-13974<\/p>\n","protected":false},"featured_media":797124,"template":"","meta":[],"product_cat":[55667,55755,55622],"product_tag":[],"_links":{"self":[{"href":"https:\/\/tparts.ee\/et\/wp-json\/wp\/v2\/product\/797123"}],"collection":[{"href":"https:\/\/tparts.ee\/et\/wp-json\/wp\/v2\/product"}],"about":[{"href":"https:\/\/tparts.ee\/et\/wp-json\/wp\/v2\/types\/product"}],"wp:featuredmedia":[{"embeddable":true,"href":"https:\/\/tparts.ee\/et\/wp-json\/wp\/v2\/media\/797124"}],"wp:attachment":[{"href":"https:\/\/tparts.ee\/et\/wp-json\/wp\/v2\/media?parent=797123"}],"wp:term":[{"taxonomy":"product_cat","embeddable":true,"href":"https:\/\/tparts.ee\/et\/wp-json\/wp\/v2\/product_cat?post=797123"},{"taxonomy":"product_tag","embeddable":true,"href":"https:\/\/tparts.ee\/et\/wp-json\/wp\/v2\/product_tag?post=797123"}],"curies":[{"name":"wp","href":"https:\/\/api.w.org\/{rel}","templated":true}]}}