{"id":797067,"date":"2026-04-21T03:00:25","date_gmt":"2026-04-21T03:00:25","guid":{"rendered":""},"modified":"2026-04-21T03:00:25","modified_gmt":"2026-04-21T03:00:25","slug":"215-60r16-mileking-mk668-e-c-72db-99h","status":"publish","type":"product","link":"https:\/\/tparts.ee\/et\/p\/215-60r16-mileking-mk668-e-c-72db-99h\/","title":{"rendered":"215\/60R16 Mileking MK668 E\/C\/72dB 99H"},"content":{"rendered":"<p><\/p>\n<p><p>Mileking suverehv on suurep\u00e4rase hinna ja kvaliteedi suhtega.       Kindel juhitavus ja pikk kasutusiga.<br \/>       Tootja: Mileking<br \/>       M\u00f5\u00f5t: 215\/60R16<br \/>       Muster: MK668<br \/>       Koormusindeks: 99<br \/>       Kiirusindeks: H<br \/>       K\u00fctuses\u00e4\u00e4stlikkus: E<br \/>       M\u00e4rghaardumine: C<br \/>       Veeremism\u00fcra: 72dB\/LV2<\/p>\n<\/p>\n<p><\/p>","protected":false},"excerpt":{"rendered":"<p>S141-2156016MK<\/p>\n","protected":false},"featured_media":797068,"template":"","meta":[],"product_cat":[55632,55707],"product_tag":[],"_links":{"self":[{"href":"https:\/\/tparts.ee\/et\/wp-json\/wp\/v2\/product\/797067"}],"collection":[{"href":"https:\/\/tparts.ee\/et\/wp-json\/wp\/v2\/product"}],"about":[{"href":"https:\/\/tparts.ee\/et\/wp-json\/wp\/v2\/types\/product"}],"wp:featuredmedia":[{"embeddable":true,"href":"https:\/\/tparts.ee\/et\/wp-json\/wp\/v2\/media\/797068"}],"wp:attachment":[{"href":"https:\/\/tparts.ee\/et\/wp-json\/wp\/v2\/media?parent=797067"}],"wp:term":[{"taxonomy":"product_cat","embeddable":true,"href":"https:\/\/tparts.ee\/et\/wp-json\/wp\/v2\/product_cat?post=797067"},{"taxonomy":"product_tag","embeddable":true,"href":"https:\/\/tparts.ee\/et\/wp-json\/wp\/v2\/product_tag?post=797067"}],"curies":[{"name":"wp","href":"https:\/\/api.w.org\/{rel}","templated":true}]}}