{"id":796997,"date":"2026-04-21T03:00:25","date_gmt":"2026-04-21T03:00:25","guid":{"rendered":""},"modified":"2026-04-21T03:00:25","modified_gmt":"2026-04-21T03:00:25","slug":"ukseaarised-2-65cm1","status":"publish","type":"product","link":"https:\/\/tparts.ee\/et\/p\/ukseaarised-2-65cm1\/","title":{"rendered":"Ukse\u00e4\u00e4rised 2 *65cm"},"content":{"rendered":"<p> l\u00e4bipaistev<\/p>","protected":false},"excerpt":{"rendered":"<p>S103-2066.0<\/p>\n","protected":false},"featured_media":796998,"template":"","meta":[],"product_cat":[55632,55635,55681],"product_tag":[],"_links":{"self":[{"href":"https:\/\/tparts.ee\/et\/wp-json\/wp\/v2\/product\/796997"}],"collection":[{"href":"https:\/\/tparts.ee\/et\/wp-json\/wp\/v2\/product"}],"about":[{"href":"https:\/\/tparts.ee\/et\/wp-json\/wp\/v2\/types\/product"}],"wp:featuredmedia":[{"embeddable":true,"href":"https:\/\/tparts.ee\/et\/wp-json\/wp\/v2\/media\/796998"}],"wp:attachment":[{"href":"https:\/\/tparts.ee\/et\/wp-json\/wp\/v2\/media?parent=796997"}],"wp:term":[{"taxonomy":"product_cat","embeddable":true,"href":"https:\/\/tparts.ee\/et\/wp-json\/wp\/v2\/product_cat?post=796997"},{"taxonomy":"product_tag","embeddable":true,"href":"https:\/\/tparts.ee\/et\/wp-json\/wp\/v2\/product_tag?post=796997"}],"curies":[{"name":"wp","href":"https:\/\/api.w.org\/{rel}","templated":true}]}}