{"id":796965,"date":"2026-04-22T03:00:39","date_gmt":"2026-04-22T03:00:39","guid":{"rendered":""},"modified":"2026-04-22T03:00:39","modified_gmt":"2026-04-22T03:00:39","slug":"tootuli-42-ledi","status":"publish","type":"product","link":"https:\/\/tparts.ee\/et\/p\/tootuli-42-ledi\/","title":{"rendered":"T\u00f6\u00f6tuli 42 ledi"},"content":{"rendered":"<p> \u00d8110mm<\/p>","protected":false},"excerpt":{"rendered":"<p>S103-02428<\/p>\n","protected":false},"featured_media":796966,"template":"","meta":[],"product_cat":[55632,55660,55661],"product_tag":[],"_links":{"self":[{"href":"https:\/\/tparts.ee\/et\/wp-json\/wp\/v2\/product\/796965"}],"collection":[{"href":"https:\/\/tparts.ee\/et\/wp-json\/wp\/v2\/product"}],"about":[{"href":"https:\/\/tparts.ee\/et\/wp-json\/wp\/v2\/types\/product"}],"wp:featuredmedia":[{"embeddable":true,"href":"https:\/\/tparts.ee\/et\/wp-json\/wp\/v2\/media\/796966"}],"wp:attachment":[{"href":"https:\/\/tparts.ee\/et\/wp-json\/wp\/v2\/media?parent=796965"}],"wp:term":[{"taxonomy":"product_cat","embeddable":true,"href":"https:\/\/tparts.ee\/et\/wp-json\/wp\/v2\/product_cat?post=796965"},{"taxonomy":"product_tag","embeddable":true,"href":"https:\/\/tparts.ee\/et\/wp-json\/wp\/v2\/product_tag?post=796965"}],"curies":[{"name":"wp","href":"https:\/\/api.w.org\/{rel}","templated":true}]}}