{"id":796187,"date":"2026-04-21T03:00:24","date_gmt":"2026-04-21T03:00:24","guid":{"rendered":""},"modified":"2026-04-21T03:00:24","modified_gmt":"2026-04-21T03:00:24","slug":"2-raamitoru-alu-cargo-dark-must-af138","status":"publish","type":"product","link":"https:\/\/tparts.ee\/et\/p\/2-raamitoru-alu-cargo-dark-must-af138\/","title":{"rendered":"2 raamitoru Alu Cargo Dark(must)  AF138"},"content":{"rendered":"<p><\/p>\n<p>925-091<\/p>\n<p>Alumiiniumist musta v\u00e4rvi tugevdatud kandetalad. 3 soonega profiil. Maksimaalne korrosioonikindlus. T\u00e4iustatud aerod\u00fcnaamiline kuju<\/p>","protected":false},"excerpt":{"rendered":"<p>S110-925091<\/p>\n","protected":false},"featured_media":796188,"template":"","meta":[],"product_cat":[55632,55725,55683],"product_tag":[],"_links":{"self":[{"href":"https:\/\/tparts.ee\/et\/wp-json\/wp\/v2\/product\/796187"}],"collection":[{"href":"https:\/\/tparts.ee\/et\/wp-json\/wp\/v2\/product"}],"about":[{"href":"https:\/\/tparts.ee\/et\/wp-json\/wp\/v2\/types\/product"}],"wp:featuredmedia":[{"embeddable":true,"href":"https:\/\/tparts.ee\/et\/wp-json\/wp\/v2\/media\/796188"}],"wp:attachment":[{"href":"https:\/\/tparts.ee\/et\/wp-json\/wp\/v2\/media?parent=796187"}],"wp:term":[{"taxonomy":"product_cat","embeddable":true,"href":"https:\/\/tparts.ee\/et\/wp-json\/wp\/v2\/product_cat?post=796187"},{"taxonomy":"product_tag","embeddable":true,"href":"https:\/\/tparts.ee\/et\/wp-json\/wp\/v2\/product_tag?post=796187"}],"curies":[{"name":"wp","href":"https:\/\/api.w.org\/{rel}","templated":true}]}}