{"id":796129,"date":"2026-04-21T03:00:24","date_gmt":"2026-04-21T03:00:24","guid":{"rendered":""},"modified":"2026-04-21T03:00:24","modified_gmt":"2026-04-21T03:00:24","slug":"2-raami-airo-x108","status":"publish","type":"product","link":"https:\/\/tparts.ee\/et\/p\/2-raami-airo-x108\/","title":{"rendered":"2 raami Airo X108"},"content":{"rendered":"<p><\/p>\n<p>924-781<\/p>\n<p>Aerod\u00fcnaamilised katuseraamid mida on lihtne s\u00f5iduki katusele kinnitada. Parem aerod\u00fcnaamika &#8211; v\u00e4iksem tuuletakistus &#8211; t\u00e4iustatud m\u00fcrasummutus &#8211;  v\u00e4iksem k\u00fctusekulu. Igat t\u00fc\u00fcpi tarvikuid on lihtne \u00fclemisse soonde paigaldada. \u00dchildub Cruz Kit Optiplus kinnituskomplektiga. Lukud ei kuulu komplekti.<\/p>\n<p><iframe width=560 height=315 src=https:\/\/www.youtube.com\/embed\/4E4vgfGf4GM frameborder=0 allow=accelerometer; autoplay; clipboard-write; encrypted-media; gyroscope; picture-in-picture allowfullscreen><\/iframe><\/p>\n<p>Leia oma s\u00f5idukile sobiv lahendus <a href= https:\/\/www.cruzber.com\/en\/content\/6-fit-your-vehicle target=_blank>siit<\/a><\/p>\n<p><a href=\u201dhttp:\/\/www.cruzber.com\/instrucciones\/924xxx\/92478x-Lv7.pdf\u201d target=_blank>Paigaldusjuhend<\/a><\/p>","protected":false},"excerpt":{"rendered":"<p>S110-924781<\/p>\n","protected":false},"featured_media":796130,"template":"","meta":[],"product_cat":[55632,55725,55683],"product_tag":[],"_links":{"self":[{"href":"https:\/\/tparts.ee\/et\/wp-json\/wp\/v2\/product\/796129"}],"collection":[{"href":"https:\/\/tparts.ee\/et\/wp-json\/wp\/v2\/product"}],"about":[{"href":"https:\/\/tparts.ee\/et\/wp-json\/wp\/v2\/types\/product"}],"wp:featuredmedia":[{"embeddable":true,"href":"https:\/\/tparts.ee\/et\/wp-json\/wp\/v2\/media\/796130"}],"wp:attachment":[{"href":"https:\/\/tparts.ee\/et\/wp-json\/wp\/v2\/media?parent=796129"}],"wp:term":[{"taxonomy":"product_cat","embeddable":true,"href":"https:\/\/tparts.ee\/et\/wp-json\/wp\/v2\/product_cat?post=796129"},{"taxonomy":"product_tag","embeddable":true,"href":"https:\/\/tparts.ee\/et\/wp-json\/wp\/v2\/product_tag?post=796129"}],"curies":[{"name":"wp","href":"https:\/\/api.w.org\/{rel}","templated":true}]}}