{"id":796069,"date":"2026-04-21T03:00:24","date_gmt":"2026-04-21T03:00:24","guid":{"rendered":""},"modified":"2026-04-21T03:00:24","modified_gmt":"2026-04-21T03:00:24","slug":"next-raseda-roheline-ral6011-laikiv-400m","status":"publish","type":"product","link":"https:\/\/tparts.ee\/et\/p\/next-raseda-roheline-ral6011-laikiv-400m\/","title":{"rendered":"Next Raseda roheline RAL6011 l\u00e4ikiv 400m"},"content":{"rendered":"<p><\/p>\n<p>Alkoholi baasil valmistaud aerosoolv\u00e4rv.<\/p>\n<div>\n<div><strong>Omadused:<\/strong><\/div>\n<ul><\/p>\n<li>Meeldiv keemilise lisandita l\u00f5hn<\/li>\n<li>Lihtne kasutada &#8211; universaalne sobivus teiste v\u00e4rvidega(akr\u00fc\u00fcl ja alk\u00fc\u00fcd)<\/li>\n<li>T\u00e4iuslik nakkumine paljudel pindadel ilma krundita<\/li>\n<li>Sobib ka kandmiseks otse vahtpol\u00fcst\u00fcroolile<\/li>\n<li>\u00dchtlane pihustamine ja elegantne v\u00e4rvi tasandumine<\/li>\n<li>Kiire kuivamine ja t\u00e4iuslik katvus<\/li>\n<li>Sobib kasutamiseks sise- ja v\u00e4listingimustes<\/li>\n<li>Painduv v\u00e4rvikiht<br \/>","protected":false},"excerpt":{"rendered":"<p>S151-479960<\/p>\n","protected":false},"featured_media":796070,"template":"","meta":[],"product_cat":[55833,56660,55622],"product_tag":[],"_links":{"self":[{"href":"https:\/\/tparts.ee\/et\/wp-json\/wp\/v2\/product\/796069"}],"collection":[{"href":"https:\/\/tparts.ee\/et\/wp-json\/wp\/v2\/product"}],"about":[{"href":"https:\/\/tparts.ee\/et\/wp-json\/wp\/v2\/types\/product"}],"wp:featuredmedia":[{"embeddable":true,"href":"https:\/\/tparts.ee\/et\/wp-json\/wp\/v2\/media\/796070"}],"wp:attachment":[{"href":"https:\/\/tparts.ee\/et\/wp-json\/wp\/v2\/media?parent=796069"}],"wp:term":[{"taxonomy":"product_cat","embeddable":true,"href":"https:\/\/tparts.ee\/et\/wp-json\/wp\/v2\/product_cat?post=796069"},{"taxonomy":"product_tag","embeddable":true,"href":"https:\/\/tparts.ee\/et\/wp-json\/wp\/v2\/product_tag?post=796069"}],"curies":[{"name":"wp","href":"https:\/\/api.w.org\/{rel}","templated":true}]}}