{"id":795781,"date":"2026-04-21T03:00:23","date_gmt":"2026-04-21T03:00:23","guid":{"rendered":""},"modified":"2026-04-21T03:00:23","modified_gmt":"2026-04-21T03:00:23","slug":"t-tuup-kiiruhendus-01","status":"publish","type":"product","link":"https:\/\/tparts.ee\/et\/p\/t-tuup-kiiruhendus-01\/","title":{"rendered":"T t\u00fc\u00fcp kiir\u00fchendus 0"},"content":{"rendered":"<p>75-2<\/p>","protected":false},"excerpt":{"rendered":"<p>S103-02344<\/p>\n","protected":false},"featured_media":795782,"template":"","meta":[],"product_cat":[55632,55662,56615],"product_tag":[],"_links":{"self":[{"href":"https:\/\/tparts.ee\/et\/wp-json\/wp\/v2\/product\/795781"}],"collection":[{"href":"https:\/\/tparts.ee\/et\/wp-json\/wp\/v2\/product"}],"about":[{"href":"https:\/\/tparts.ee\/et\/wp-json\/wp\/v2\/types\/product"}],"wp:featuredmedia":[{"embeddable":true,"href":"https:\/\/tparts.ee\/et\/wp-json\/wp\/v2\/media\/795782"}],"wp:attachment":[{"href":"https:\/\/tparts.ee\/et\/wp-json\/wp\/v2\/media?parent=795781"}],"wp:term":[{"taxonomy":"product_cat","embeddable":true,"href":"https:\/\/tparts.ee\/et\/wp-json\/wp\/v2\/product_cat?post=795781"},{"taxonomy":"product_tag","embeddable":true,"href":"https:\/\/tparts.ee\/et\/wp-json\/wp\/v2\/product_tag?post=795781"}],"curies":[{"name":"wp","href":"https:\/\/api.w.org\/{rel}","templated":true}]}}