{"id":795539,"date":"2026-04-21T03:00:23","date_gmt":"2026-04-21T03:00:23","guid":{"rendered":""},"modified":"2026-04-21T03:00:23","modified_gmt":"2026-04-21T03:00:23","slug":"led-lisakaugtuli-vx500-sp-12-24v-63w-r50","status":"publish","type":"product","link":"https:\/\/tparts.ee\/et\/p\/led-lisakaugtuli-vx500-sp-12-24v-63w-r50\/","title":{"rendered":"LED lisakaugtuli VX500-SP 12\/24V 63W r50"},"content":{"rendered":"<p><\/p>\n<p>T\u00e4ielikult ECE n\u00f5uetele vastav lisatuli<\/p>\n<ul>\n<li>Kitsa valgusvihuga: t\u00e4iustatud kauge v\u00e4lja valgustus<\/li>\n<li>Kompaktne ja vastupidav: purunematu pol\u00fckarbonaatl\u00e4\u00e4ts vastupidavaks kasutamiseks. Alapinge kui ka \u00fclepinge kaitse.<\/li>\n<li>Integreeritud draiver ja soojusjuhtimiss\u00fcsteem tagab parema eluea<\/li>\n<li>2-aastane garantii<\/li>\n<li>Valguskaugus: 415m<\/li>\n<li>Luumen: 2800lm<\/li>\n<li>Valgusetemperatuur: 6000K<\/li>\n<li>Toite v\u00f5imsus: 63W<\/li>\n<li>Sisendpinge: 12\/24V<\/li>\n<li>IP-kaitse: IP67<\/li>\n<li>ECE: R112 (viitenumber 50)<\/li>\n<li>EMC \/ EMI: ECE R10<\/li>\n<li>Polaarsuse kaitse<\/li>\n<li>Kaabli pikkus: 45cm<\/li>\n<li>Kaal: 1435g<\/li>\n<\/ul>\n<p>Kasutusvaldkonnad: autod<\/p>","protected":false},"excerpt":{"rendered":"<p>S152-LEDDL116-SP<\/p>\n","protected":false},"featured_media":795540,"template":"","meta":[],"product_cat":[55632,55979,55660],"product_tag":[],"_links":{"self":[{"href":"https:\/\/tparts.ee\/et\/wp-json\/wp\/v2\/product\/795539"}],"collection":[{"href":"https:\/\/tparts.ee\/et\/wp-json\/wp\/v2\/product"}],"about":[{"href":"https:\/\/tparts.ee\/et\/wp-json\/wp\/v2\/types\/product"}],"wp:featuredmedia":[{"embeddable":true,"href":"https:\/\/tparts.ee\/et\/wp-json\/wp\/v2\/media\/795540"}],"wp:attachment":[{"href":"https:\/\/tparts.ee\/et\/wp-json\/wp\/v2\/media?parent=795539"}],"wp:term":[{"taxonomy":"product_cat","embeddable":true,"href":"https:\/\/tparts.ee\/et\/wp-json\/wp\/v2\/product_cat?post=795539"},{"taxonomy":"product_tag","embeddable":true,"href":"https:\/\/tparts.ee\/et\/wp-json\/wp\/v2\/product_tag?post=795539"}],"curies":[{"name":"wp","href":"https:\/\/api.w.org\/{rel}","templated":true}]}}