{"id":795409,"date":"2026-04-21T03:00:23","date_gmt":"2026-04-21T03:00:23","guid":{"rendered":""},"modified":"2026-04-21T03:00:23","modified_gmt":"2026-04-21T03:00:23","slug":"total-5w30-quartz-ineo-ll-5l-504-507","status":"publish","type":"product","link":"https:\/\/tparts.ee\/et\/p\/total-5w30-quartz-ineo-ll-5l-504-507\/","title":{"rendered":"Total 5W30 Quartz Ineo LL 5L 504\/507"},"content":{"rendered":"<p><\/p>\n<p>Uue p\u00f5lvkonna \u201eLow SAPS\u201cs\u00fcnteetiline mootori\u00f5li s\u00f5idu- ja pakiautode bensiini-<\/p>","protected":false},"excerpt":{"rendered":"<p>S181-TOT213819<\/p>\n","protected":false},"featured_media":795410,"template":"","meta":[],"product_cat":[55632,55692,55693],"product_tag":[],"_links":{"self":[{"href":"https:\/\/tparts.ee\/et\/wp-json\/wp\/v2\/product\/795409"}],"collection":[{"href":"https:\/\/tparts.ee\/et\/wp-json\/wp\/v2\/product"}],"about":[{"href":"https:\/\/tparts.ee\/et\/wp-json\/wp\/v2\/types\/product"}],"wp:featuredmedia":[{"embeddable":true,"href":"https:\/\/tparts.ee\/et\/wp-json\/wp\/v2\/media\/795410"}],"wp:attachment":[{"href":"https:\/\/tparts.ee\/et\/wp-json\/wp\/v2\/media?parent=795409"}],"wp:term":[{"taxonomy":"product_cat","embeddable":true,"href":"https:\/\/tparts.ee\/et\/wp-json\/wp\/v2\/product_cat?post=795409"},{"taxonomy":"product_tag","embeddable":true,"href":"https:\/\/tparts.ee\/et\/wp-json\/wp\/v2\/product_tag?post=795409"}],"curies":[{"name":"wp","href":"https:\/\/api.w.org\/{rel}","templated":true}]}}