{"id":795067,"date":"2026-04-21T03:00:22","date_gmt":"2026-04-21T03:00:22","guid":{"rendered":""},"modified":"2026-04-21T03:00:22","modified_gmt":"2026-04-21T03:00:22","slug":"tl-magflex-twist-toolamp","status":"publish","type":"product","link":"https:\/\/tparts.ee\/et\/p\/tl-magflex-twist-toolamp\/","title":{"rendered":"TL MAGFlex Twist t\u00f6\u00f6lamp"},"content":{"rendered":"<p><\/p>\n<ul><\/p>\n<li>\u00dclim kontroll valgustussuuna \u00fcle &#8211; p\u00f6\u00f6rab 360\u00ba ja 180\u00ba konksul<\/li>\n<li>Erakordne valgusv\u00e4ljund &#8211; COB LED annab 250 luumenit<\/li>\n<li>Toodab p\u00e4evavalgusega sarnast valgust<\/li>\n<li>Valgusv\u00e4ljundi lainurk<br \/>","protected":false},"excerpt":{"rendered":"<p>S152-REIL3600HP<\/p>\n","protected":false},"featured_media":795068,"template":"","meta":[],"product_cat":[55699,55623,55622],"product_tag":[],"_links":{"self":[{"href":"https:\/\/tparts.ee\/et\/wp-json\/wp\/v2\/product\/795067"}],"collection":[{"href":"https:\/\/tparts.ee\/et\/wp-json\/wp\/v2\/product"}],"about":[{"href":"https:\/\/tparts.ee\/et\/wp-json\/wp\/v2\/types\/product"}],"wp:featuredmedia":[{"embeddable":true,"href":"https:\/\/tparts.ee\/et\/wp-json\/wp\/v2\/media\/795068"}],"wp:attachment":[{"href":"https:\/\/tparts.ee\/et\/wp-json\/wp\/v2\/media?parent=795067"}],"wp:term":[{"taxonomy":"product_cat","embeddable":true,"href":"https:\/\/tparts.ee\/et\/wp-json\/wp\/v2\/product_cat?post=795067"},{"taxonomy":"product_tag","embeddable":true,"href":"https:\/\/tparts.ee\/et\/wp-json\/wp\/v2\/product_tag?post=795067"}],"curies":[{"name":"wp","href":"https:\/\/api.w.org\/{rel}","templated":true}]}}