{"id":794725,"date":"2026-04-21T03:00:22","date_gmt":"2026-04-21T03:00:22","guid":{"rendered":""},"modified":"2026-04-21T03:00:22","modified_gmt":"2026-04-21T03:00:22","slug":"istmepadi-poorlev-360-kraadi","status":"publish","type":"product","link":"https:\/\/tparts.ee\/et\/p\/istmepadi-poorlev-360-kraadi\/","title":{"rendered":"Istmepadi p\u00f6\u00f6rlev 360 kraadi"},"content":{"rendered":"<p><\/p>\n<p>\u00d8 40 cm. Sujuvalt ja h\u00f5lpsalt liikuv m\u00f5lemas suunas.&nbsp;Suurep\u00e4rane kasutamiseks kodus<\/p>","protected":false},"excerpt":{"rendered":"<p>S103-5440.9<\/p>\n","protected":false},"featured_media":794726,"template":"","meta":[],"product_cat":[55632,55633,55634],"product_tag":[],"_links":{"self":[{"href":"https:\/\/tparts.ee\/et\/wp-json\/wp\/v2\/product\/794725"}],"collection":[{"href":"https:\/\/tparts.ee\/et\/wp-json\/wp\/v2\/product"}],"about":[{"href":"https:\/\/tparts.ee\/et\/wp-json\/wp\/v2\/types\/product"}],"wp:featuredmedia":[{"embeddable":true,"href":"https:\/\/tparts.ee\/et\/wp-json\/wp\/v2\/media\/794726"}],"wp:attachment":[{"href":"https:\/\/tparts.ee\/et\/wp-json\/wp\/v2\/media?parent=794725"}],"wp:term":[{"taxonomy":"product_cat","embeddable":true,"href":"https:\/\/tparts.ee\/et\/wp-json\/wp\/v2\/product_cat?post=794725"},{"taxonomy":"product_tag","embeddable":true,"href":"https:\/\/tparts.ee\/et\/wp-json\/wp\/v2\/product_tag?post=794725"}],"curies":[{"name":"wp","href":"https:\/\/api.w.org\/{rel}","templated":true}]}}