{"id":794637,"date":"2026-04-21T03:00:22","date_gmt":"2026-04-21T03:00:22","guid":{"rendered":""},"modified":"2026-04-21T03:00:22","modified_gmt":"2026-04-21T03:00:22","slug":"pesuhari-f1-vee-reservuaariga-120ml","status":"publish","type":"product","link":"https:\/\/tparts.ee\/et\/p\/pesuhari-f1-vee-reservuaariga-120ml\/","title":{"rendered":"Pesuhari F1 vee reservuaariga 120ml"},"content":{"rendered":"<p><\/p>\n<p>Pesuhari F1 vee reservuaariga.  Eesm\u00e4rk on pakkuda t\u00e4iuslikku pesemiskogemust. Hari puhastab paremini ning seda saab kasutada koos oma lemmik\u0161ampooniga. T\u00f6\u00f6tab ilma voolikuta ja s\u00e4\u00e4stab isegi vett. Uuenduslikul F1 pesuharjal on sisseehitatud 120 ml veekamber<\/p>","protected":false},"excerpt":{"rendered":"<p>S103-PABF1<\/p>\n","protected":false},"featured_media":794638,"template":"","meta":[],"product_cat":[55701,55632,55785],"product_tag":[],"_links":{"self":[{"href":"https:\/\/tparts.ee\/et\/wp-json\/wp\/v2\/product\/794637"}],"collection":[{"href":"https:\/\/tparts.ee\/et\/wp-json\/wp\/v2\/product"}],"about":[{"href":"https:\/\/tparts.ee\/et\/wp-json\/wp\/v2\/types\/product"}],"wp:featuredmedia":[{"embeddable":true,"href":"https:\/\/tparts.ee\/et\/wp-json\/wp\/v2\/media\/794638"}],"wp:attachment":[{"href":"https:\/\/tparts.ee\/et\/wp-json\/wp\/v2\/media?parent=794637"}],"wp:term":[{"taxonomy":"product_cat","embeddable":true,"href":"https:\/\/tparts.ee\/et\/wp-json\/wp\/v2\/product_cat?post=794637"},{"taxonomy":"product_tag","embeddable":true,"href":"https:\/\/tparts.ee\/et\/wp-json\/wp\/v2\/product_tag?post=794637"}],"curies":[{"name":"wp","href":"https:\/\/api.w.org\/{rel}","templated":true}]}}