{"id":794567,"date":"2026-04-21T03:00:22","date_gmt":"2026-04-21T03:00:22","guid":{"rendered":""},"modified":"2026-04-21T03:00:22","modified_gmt":"2026-04-21T03:00:22","slug":"bosch-t5-080-225ah-1150a-518x276x242","status":"publish","type":"product","link":"https:\/\/tparts.ee\/et\/p\/bosch-t5-080-225ah-1150a-518x276x242\/","title":{"rendered":"Bosch T5 080 225Ah 1150A 518x276x242+-"},"content":{"rendered":"<p><\/p>\n<p>Bosch T5 akud on spetsiaalselt v\u00e4lja t\u00f6\u00f6tatud eriti k\u00f5rge       energiatarbe ja sagedase t\u00fchjenemise jaoks. Seet\u00f5ttu sobivad need       pikamaa autodel<\/p>","protected":false},"excerpt":{"rendered":"<p>0092T50800<\/p>\n","protected":false},"featured_media":794568,"template":"","meta":[],"product_cat":[56007,55649,55632],"product_tag":[],"_links":{"self":[{"href":"https:\/\/tparts.ee\/et\/wp-json\/wp\/v2\/product\/794567"}],"collection":[{"href":"https:\/\/tparts.ee\/et\/wp-json\/wp\/v2\/product"}],"about":[{"href":"https:\/\/tparts.ee\/et\/wp-json\/wp\/v2\/types\/product"}],"wp:featuredmedia":[{"embeddable":true,"href":"https:\/\/tparts.ee\/et\/wp-json\/wp\/v2\/media\/794568"}],"wp:attachment":[{"href":"https:\/\/tparts.ee\/et\/wp-json\/wp\/v2\/media?parent=794567"}],"wp:term":[{"taxonomy":"product_cat","embeddable":true,"href":"https:\/\/tparts.ee\/et\/wp-json\/wp\/v2\/product_cat?post=794567"},{"taxonomy":"product_tag","embeddable":true,"href":"https:\/\/tparts.ee\/et\/wp-json\/wp\/v2\/product_tag?post=794567"}],"curies":[{"name":"wp","href":"https:\/\/api.w.org\/{rel}","templated":true}]}}