{"id":794429,"date":"2026-04-21T03:00:22","date_gmt":"2026-04-21T03:00:22","guid":{"rendered":""},"modified":"2026-04-21T03:00:22","modified_gmt":"2026-04-21T03:00:22","slug":"gm-pistik-2-klemmi-juhtmega","status":"publish","type":"product","link":"https:\/\/tparts.ee\/et\/p\/gm-pistik-2-klemmi-juhtmega\/","title":{"rendered":"GM pistik  2-klemmi juhtmega"},"content":{"rendered":"<p><\/p>\n<p>GM \u00f5hutemperatuuri anduri           paranduseks<br \/>         Komplekti           kuulub &#8211; 1 x 2 kontaktiga pistik.<br \/>         Juhtme pikkus 30 cm.<br \/>         Juhtme l\u00e4bim\u00f5\u00f5t 0<\/p>","protected":false},"excerpt":{"rendered":"<p>S183-37345<\/p>\n","protected":false},"featured_media":794430,"template":"","meta":[],"product_cat":[55632,55662,56615],"product_tag":[],"_links":{"self":[{"href":"https:\/\/tparts.ee\/et\/wp-json\/wp\/v2\/product\/794429"}],"collection":[{"href":"https:\/\/tparts.ee\/et\/wp-json\/wp\/v2\/product"}],"about":[{"href":"https:\/\/tparts.ee\/et\/wp-json\/wp\/v2\/types\/product"}],"wp:featuredmedia":[{"embeddable":true,"href":"https:\/\/tparts.ee\/et\/wp-json\/wp\/v2\/media\/794430"}],"wp:attachment":[{"href":"https:\/\/tparts.ee\/et\/wp-json\/wp\/v2\/media?parent=794429"}],"wp:term":[{"taxonomy":"product_cat","embeddable":true,"href":"https:\/\/tparts.ee\/et\/wp-json\/wp\/v2\/product_cat?post=794429"},{"taxonomy":"product_tag","embeddable":true,"href":"https:\/\/tparts.ee\/et\/wp-json\/wp\/v2\/product_tag?post=794429"}],"curies":[{"name":"wp","href":"https:\/\/api.w.org\/{rel}","templated":true}]}}