{"id":794283,"date":"2026-04-21T03:00:21","date_gmt":"2026-04-21T03:00:21","guid":{"rendered":""},"modified":"2026-04-21T03:00:21","modified_gmt":"2026-04-21T03:00:21","slug":"ohuvarskendi-sunny-beach-platu-black","status":"publish","type":"product","link":"https:\/\/tparts.ee\/et\/p\/ohuvarskendi-sunny-beach-platu-black\/","title":{"rendered":"\u00d5huv\u00e4rskendi Sunny Beach pl\u00e4tu black"},"content":{"rendered":"<p><\/p>\n<ul><\/p>\n<li>20<br \/>","protected":false},"excerpt":{"rendered":"<p>S103-3775.8<\/p>\n","protected":false},"featured_media":794284,"template":"","meta":[],"product_cat":[55654,55632,55633],"product_tag":[],"_links":{"self":[{"href":"https:\/\/tparts.ee\/et\/wp-json\/wp\/v2\/product\/794283"}],"collection":[{"href":"https:\/\/tparts.ee\/et\/wp-json\/wp\/v2\/product"}],"about":[{"href":"https:\/\/tparts.ee\/et\/wp-json\/wp\/v2\/types\/product"}],"wp:featuredmedia":[{"embeddable":true,"href":"https:\/\/tparts.ee\/et\/wp-json\/wp\/v2\/media\/794284"}],"wp:attachment":[{"href":"https:\/\/tparts.ee\/et\/wp-json\/wp\/v2\/media?parent=794283"}],"wp:term":[{"taxonomy":"product_cat","embeddable":true,"href":"https:\/\/tparts.ee\/et\/wp-json\/wp\/v2\/product_cat?post=794283"},{"taxonomy":"product_tag","embeddable":true,"href":"https:\/\/tparts.ee\/et\/wp-json\/wp\/v2\/product_tag?post=794283"}],"curies":[{"name":"wp","href":"https:\/\/api.w.org\/{rel}","templated":true}]}}