{"id":792977,"date":"2026-04-21T03:00:20","date_gmt":"2026-04-21T03:00:20","guid":{"rendered":""},"modified":"2026-04-21T03:00:20","modified_gmt":"2026-04-21T03:00:20","slug":"klaasitostuki-tuubel","status":"publish","type":"product","link":"https:\/\/tparts.ee\/et\/p\/klaasitostuki-tuubel\/","title":{"rendered":"Klaasit\u00f5stuki t\u00fc\u00fcbel"},"content":{"rendered":"<p><\/p>\n<p>&nbsp;<\/p>\n<p><p>Audi<\/p>\n<p>Skoda<\/p>\n<p>Volkswagen<\/p>\n<\/p>\n<p><\/p>","protected":false},"excerpt":{"rendered":"<p>S300-502<\/p>\n","protected":false},"featured_media":792978,"template":"","meta":[],"product_cat":[55632,56583,55643],"product_tag":[],"_links":{"self":[{"href":"https:\/\/tparts.ee\/et\/wp-json\/wp\/v2\/product\/792977"}],"collection":[{"href":"https:\/\/tparts.ee\/et\/wp-json\/wp\/v2\/product"}],"about":[{"href":"https:\/\/tparts.ee\/et\/wp-json\/wp\/v2\/types\/product"}],"wp:featuredmedia":[{"embeddable":true,"href":"https:\/\/tparts.ee\/et\/wp-json\/wp\/v2\/media\/792978"}],"wp:attachment":[{"href":"https:\/\/tparts.ee\/et\/wp-json\/wp\/v2\/media?parent=792977"}],"wp:term":[{"taxonomy":"product_cat","embeddable":true,"href":"https:\/\/tparts.ee\/et\/wp-json\/wp\/v2\/product_cat?post=792977"},{"taxonomy":"product_tag","embeddable":true,"href":"https:\/\/tparts.ee\/et\/wp-json\/wp\/v2\/product_tag?post=792977"}],"curies":[{"name":"wp","href":"https:\/\/api.w.org\/{rel}","templated":true}]}}