{"id":792595,"date":"2026-04-21T03:00:19","date_gmt":"2026-04-21T03:00:19","guid":{"rendered":""},"modified":"2026-04-21T03:00:19","modified_gmt":"2026-04-21T03:00:19","slug":"kuunlavoti-16mm-3-8-kardaaniga-bmw","status":"publish","type":"product","link":"https:\/\/tparts.ee\/et\/p\/kuunlavoti-16mm-3-8-kardaaniga-bmw\/","title":{"rendered":"K\u00fc\u00fcnlav\u00f5ti 16mm 3\/8 kardaaniga -BMW"},"content":{"rendered":"<p><\/p>\n<p>Sobib BMW mootoratastele F650 (K72)<\/p>","protected":false},"excerpt":{"rendered":"<p>S183-7075<\/p>\n","protected":false},"featured_media":792596,"template":"","meta":[],"product_cat":[55638,55724,55622],"product_tag":[],"_links":{"self":[{"href":"https:\/\/tparts.ee\/et\/wp-json\/wp\/v2\/product\/792595"}],"collection":[{"href":"https:\/\/tparts.ee\/et\/wp-json\/wp\/v2\/product"}],"about":[{"href":"https:\/\/tparts.ee\/et\/wp-json\/wp\/v2\/types\/product"}],"wp:featuredmedia":[{"embeddable":true,"href":"https:\/\/tparts.ee\/et\/wp-json\/wp\/v2\/media\/792596"}],"wp:attachment":[{"href":"https:\/\/tparts.ee\/et\/wp-json\/wp\/v2\/media?parent=792595"}],"wp:term":[{"taxonomy":"product_cat","embeddable":true,"href":"https:\/\/tparts.ee\/et\/wp-json\/wp\/v2\/product_cat?post=792595"},{"taxonomy":"product_tag","embeddable":true,"href":"https:\/\/tparts.ee\/et\/wp-json\/wp\/v2\/product_tag?post=792595"}],"curies":[{"name":"wp","href":"https:\/\/api.w.org\/{rel}","templated":true}]}}