{"id":792501,"date":"2026-04-23T02:43:07","date_gmt":"2026-04-23T02:43:07","guid":{"rendered":""},"modified":"2026-04-23T02:43:07","modified_gmt":"2026-04-23T02:43:07","slug":"multimeeter-tester-dc-ac","status":"publish","type":"product","link":"https:\/\/tparts.ee\/et\/p\/multimeeter-tester-dc-ac\/","title":{"rendered":"Multimeeter\/tester DC\/AC"},"content":{"rendered":"<p><\/p>\n<p>Kompaktne patareil t\u00f6\u00f6tav digitaalne k\u00e4simultimeeter LCD         n\u00e4iduga.<br \/>         V\u00f5imaldab m\u00f5\u00f5ta alalis(DC) 200mV-600v ja vahelduv(AC) 200\/600v         pinget<\/p>","protected":false},"excerpt":{"rendered":"<p>S183-6228<\/p>\n","protected":false},"featured_media":792502,"template":"","meta":[],"product_cat":[55906,55623,55622],"product_tag":[],"_links":{"self":[{"href":"https:\/\/tparts.ee\/et\/wp-json\/wp\/v2\/product\/792501"}],"collection":[{"href":"https:\/\/tparts.ee\/et\/wp-json\/wp\/v2\/product"}],"about":[{"href":"https:\/\/tparts.ee\/et\/wp-json\/wp\/v2\/types\/product"}],"wp:featuredmedia":[{"embeddable":true,"href":"https:\/\/tparts.ee\/et\/wp-json\/wp\/v2\/media\/792502"}],"wp:attachment":[{"href":"https:\/\/tparts.ee\/et\/wp-json\/wp\/v2\/media?parent=792501"}],"wp:term":[{"taxonomy":"product_cat","embeddable":true,"href":"https:\/\/tparts.ee\/et\/wp-json\/wp\/v2\/product_cat?post=792501"},{"taxonomy":"product_tag","embeddable":true,"href":"https:\/\/tparts.ee\/et\/wp-json\/wp\/v2\/product_tag?post=792501"}],"curies":[{"name":"wp","href":"https:\/\/api.w.org\/{rel}","templated":true}]}}