{"id":792395,"date":"2026-04-21T03:00:19","date_gmt":"2026-04-21T03:00:19","guid":{"rendered":""},"modified":"2026-04-21T03:00:19","modified_gmt":"2026-04-21T03:00:19","slug":"olivardad-mb-4tk","status":"publish","type":"product","link":"https:\/\/tparts.ee\/et\/p\/olivardad-mb-4tk\/","title":{"rendered":"\u00d5livardad MB 4TK"},"content":{"rendered":"<p><\/p>\n<p>&nbsp;<\/p>\n<p>S\u00f5idukitele mille \u00f5livarras puudub.&nbsp;4 erineva v\u00e4rviga \u00f5livarrast mootorite ja k\u00e4igukastide \u00f5litaseme kontrollimiseks.<\/p>\n<ul>\n<li>Sinine 930mm mootoritele M112<br \/>","protected":false},"excerpt":{"rendered":"<p>S183-5289<\/p>\n","protected":false},"featured_media":792396,"template":"","meta":[],"product_cat":[55638,55724,55622],"product_tag":[],"_links":{"self":[{"href":"https:\/\/tparts.ee\/et\/wp-json\/wp\/v2\/product\/792395"}],"collection":[{"href":"https:\/\/tparts.ee\/et\/wp-json\/wp\/v2\/product"}],"about":[{"href":"https:\/\/tparts.ee\/et\/wp-json\/wp\/v2\/types\/product"}],"wp:featuredmedia":[{"embeddable":true,"href":"https:\/\/tparts.ee\/et\/wp-json\/wp\/v2\/media\/792396"}],"wp:attachment":[{"href":"https:\/\/tparts.ee\/et\/wp-json\/wp\/v2\/media?parent=792395"}],"wp:term":[{"taxonomy":"product_cat","embeddable":true,"href":"https:\/\/tparts.ee\/et\/wp-json\/wp\/v2\/product_cat?post=792395"},{"taxonomy":"product_tag","embeddable":true,"href":"https:\/\/tparts.ee\/et\/wp-json\/wp\/v2\/product_tag?post=792395"}],"curies":[{"name":"wp","href":"https:\/\/api.w.org\/{rel}","templated":true}]}}