{"id":792371,"date":"2026-04-21T03:00:19","date_gmt":"2026-04-21T03:00:19","guid":{"rendered":""},"modified":"2026-04-21T03:00:19","modified_gmt":"2026-04-21T03:00:19","slug":"summutitripi-tangid","status":"publish","type":"product","link":"https:\/\/tparts.ee\/et\/p\/summutitripi-tangid\/","title":{"rendered":"Summutitripi tangid"},"content":{"rendered":"<p><\/p>\n<p>Spetsiaalsed tangid summutitrippide eemaldamiseks.<\/p>\n<p>Sobib v\u00e4ga paljude s\u00f5idukitega: &nbsp;Audi | Mercedes-Benz | Saab | Mitsubishi | Nissan | Honda | Ford | Land Rover | Mazda | Toyota | Volkswagen I &nbsp;Vauxhall\/Opel.<\/p>\n<p>S\u00e4\u00e4stab t\u00f6\u00f6aega ja ei l\u00f5hu summutitrippe.<\/p>\n<p>Pikad k\u00e4epidemed ei lase kuuma summutiga kokku puutuda.<\/p>\n<div>&nbsp;<\/div>\n<p><\/p>","protected":false},"excerpt":{"rendered":"<p>S183-5158<\/p>\n","protected":false},"featured_media":792372,"template":"","meta":[],"product_cat":[55638,55724,55622],"product_tag":[],"_links":{"self":[{"href":"https:\/\/tparts.ee\/et\/wp-json\/wp\/v2\/product\/792371"}],"collection":[{"href":"https:\/\/tparts.ee\/et\/wp-json\/wp\/v2\/product"}],"about":[{"href":"https:\/\/tparts.ee\/et\/wp-json\/wp\/v2\/types\/product"}],"wp:featuredmedia":[{"embeddable":true,"href":"https:\/\/tparts.ee\/et\/wp-json\/wp\/v2\/media\/792372"}],"wp:attachment":[{"href":"https:\/\/tparts.ee\/et\/wp-json\/wp\/v2\/media?parent=792371"}],"wp:term":[{"taxonomy":"product_cat","embeddable":true,"href":"https:\/\/tparts.ee\/et\/wp-json\/wp\/v2\/product_cat?post=792371"},{"taxonomy":"product_tag","embeddable":true,"href":"https:\/\/tparts.ee\/et\/wp-json\/wp\/v2\/product_tag?post=792371"}],"curies":[{"name":"wp","href":"https:\/\/api.w.org\/{rel}","templated":true}]}}