{"id":792369,"date":"2026-04-21T03:00:19","date_gmt":"2026-04-21T03:00:19","guid":{"rendered":""},"modified":"2026-04-21T03:00:19","modified_gmt":"2026-04-21T03:00:19","slug":"rehvimustri-sugavuse-naidik","status":"publish","type":"product","link":"https:\/\/tparts.ee\/et\/p\/rehvimustri-sugavuse-naidik\/","title":{"rendered":"Rehvimustri s\u00fcgavuse n\u00e4idik"},"content":{"rendered":"<p><\/p>\n<p>See vajalik &nbsp;vahend on m\u00f5\u00f5dab mustri s\u00fcgavust &nbsp;millimeetrites ja r\u00f5hutab punasega kui suverehvi mustri s\u00fcgavus on alla 1<\/p>","protected":false},"excerpt":{"rendered":"<p>S183-5157<\/p>\n","protected":false},"featured_media":792370,"template":"","meta":[],"product_cat":[55632,56105,55645],"product_tag":[],"_links":{"self":[{"href":"https:\/\/tparts.ee\/et\/wp-json\/wp\/v2\/product\/792369"}],"collection":[{"href":"https:\/\/tparts.ee\/et\/wp-json\/wp\/v2\/product"}],"about":[{"href":"https:\/\/tparts.ee\/et\/wp-json\/wp\/v2\/types\/product"}],"wp:featuredmedia":[{"embeddable":true,"href":"https:\/\/tparts.ee\/et\/wp-json\/wp\/v2\/media\/792370"}],"wp:attachment":[{"href":"https:\/\/tparts.ee\/et\/wp-json\/wp\/v2\/media?parent=792369"}],"wp:term":[{"taxonomy":"product_cat","embeddable":true,"href":"https:\/\/tparts.ee\/et\/wp-json\/wp\/v2\/product_cat?post=792369"},{"taxonomy":"product_tag","embeddable":true,"href":"https:\/\/tparts.ee\/et\/wp-json\/wp\/v2\/product_tag?post=792369"}],"curies":[{"name":"wp","href":"https:\/\/api.w.org\/{rel}","templated":true}]}}